{"id":340,"date":"2018-02-20T17:33:26","date_gmt":"2018-02-20T16:33:26","guid":{"rendered":"https:\/\/caravenue-rent.vous.lu\/vehicules-utilitaires\/"},"modified":"2023-08-04T15:27:11","modified_gmt":"2023-08-04T13:27:11","slug":"vehicules-utilitaires","status":"publish","type":"page","link":"https:\/\/caravenue-rent.vous.lu\/en\/vehicle-rental\/vehicules-utilitaires\/","title":{"rendered":"V\u00e9hicules Utilitaires"},"content":{"rendered":"","protected":false},"excerpt":{"rendered":"","protected":false},"author":6,"featured_media":0,"parent":362,"menu_order":3,"comment_status":"closed","ping_status":"closed","template":"templates\/Locations-List.php","meta":{"_acf_changed":false,"footnotes":""},"class_list":["post-340","page","type-page","status-publish","hentry"],"acf":[],"yoast_head":"<!-- This site is optimized with the Yoast SEO plugin v26.4 - https:\/\/yoast.com\/wordpress\/plugins\/seo\/ -->\n<title>CAR Avenue Rent Luxembourg - Location de v\u00e9hicules utilitaires<\/title>\n<meta name=\"description\" content=\"D\u00e9couvrez notre gamme de v\u00e9hicules utilitaires \u00e0 la location : Peugeot Partner FT, Peugeot Expert FT, etc\" \/>\n<meta name=\"robots\" content=\"noindex, follow, max-snippet:-1, max-image-preview:large, max-video-preview:-1\" \/>\n<meta property=\"og:locale\" content=\"en_US\" \/>\n<meta property=\"og:type\" content=\"article\" \/>\n<meta property=\"og:title\" content=\"CAR Avenue Rent Luxembourg - Location de v\u00e9hicules utilitaires\" \/>\n<meta property=\"og:description\" content=\"D\u00e9couvrez notre gamme de v\u00e9hicules utilitaires \u00e0 la location : Peugeot Partner FT, Peugeot Expert FT, etc\" \/>\n<meta property=\"og:url\" content=\"https:\/\/caravenue-rent.vous.lu\/location-de-vehicules\/vehicules-utilitaires\/\" \/>\n<meta property=\"og:site_name\" content=\"CAR Avenue RENT Luxembourg\" \/>\n<meta property=\"article:publisher\" content=\"https:\/\/www.facebook.com\/grouperodenbourg\/\" \/>\n<meta property=\"article:modified_time\" content=\"2023-08-04T13:27:11+00:00\" \/>\n<meta name=\"twitter:card\" content=\"summary_large_image\" \/>\n<script type=\"application\/ld+json\" class=\"yoast-schema-graph\">{\"@context\":\"https:\/\/schema.org\",\"@graph\":[{\"@type\":\"WebPage\",\"@id\":\"https:\/\/caravenue-rent.vous.lu\/location-de-vehicules\/vehicules-utilitaires\/\",\"url\":\"https:\/\/caravenue-rent.vous.lu\/location-de-vehicules\/vehicules-utilitaires\/\",\"name\":\"CAR Avenue Rent Luxembourg - Location de v\u00e9hicules utilitaires\",\"isPartOf\":{\"@id\":\"https:\/\/caravenue-rent.vous.lu\/#website\"},\"datePublished\":\"2018-02-20T16:33:26+00:00\",\"dateModified\":\"2023-08-04T13:27:11+00:00\",\"description\":\"D\u00e9couvrez notre gamme de v\u00e9hicules utilitaires \u00e0 la location : Peugeot Partner FT, Peugeot Expert FT, etc\",\"breadcrumb\":{\"@id\":\"https:\/\/caravenue-rent.vous.lu\/location-de-vehicules\/vehicules-utilitaires\/#breadcrumb\"},\"inLanguage\":\"en-US\",\"potentialAction\":[{\"@type\":\"ReadAction\",\"target\":[\"https:\/\/caravenue-rent.vous.lu\/location-de-vehicules\/vehicules-utilitaires\/\"]}]},{\"@type\":\"BreadcrumbList\",\"@id\":\"https:\/\/caravenue-rent.vous.lu\/location-de-vehicules\/vehicules-utilitaires\/#breadcrumb\",\"itemListElement\":[{\"@type\":\"ListItem\",\"position\":1,\"name\":\"Accueil\",\"item\":\"https:\/\/caravenue-rent.vous.lu\/en\/\"},{\"@type\":\"ListItem\",\"position\":2,\"name\":\"Vehicle rental\",\"item\":\"https:\/\/caravenue-rent.vous.lu\/location-de-vehicules\/\"},{\"@type\":\"ListItem\",\"position\":3,\"name\":\"V\u00e9hicules Utilitaires\"}]},{\"@type\":\"WebSite\",\"@id\":\"https:\/\/caravenue-rent.vous.lu\/#website\",\"url\":\"https:\/\/caravenue-rent.vous.lu\/\",\"name\":\"CAR Avenue RENT Luxembourg\",\"description\":\"\",\"publisher\":{\"@id\":\"https:\/\/caravenue-rent.vous.lu\/#organization\"},\"potentialAction\":[{\"@type\":\"SearchAction\",\"target\":{\"@type\":\"EntryPoint\",\"urlTemplate\":\"https:\/\/caravenue-rent.vous.lu\/?s={search_term_string}\"},\"query-input\":{\"@type\":\"PropertyValueSpecification\",\"valueRequired\":true,\"valueName\":\"search_term_string\"}}],\"inLanguage\":\"en-US\"},{\"@type\":\"Organization\",\"@id\":\"https:\/\/caravenue-rent.vous.lu\/#organization\",\"name\":\"CAR Avenue Rent Luxembourg\",\"url\":\"https:\/\/caravenue-rent.vous.lu\/\",\"logo\":{\"@type\":\"ImageObject\",\"inLanguage\":\"en-US\",\"@id\":\"https:\/\/caravenue-rent.vous.lu\/#\/schema\/logo\/image\/\",\"url\":\"https:\/\/caravenue-rent.vous.lu\/wp-content\/uploads\/2017\/10\/logo.jpg\",\"contentUrl\":\"https:\/\/caravenue-rent.vous.lu\/wp-content\/uploads\/2017\/10\/logo.jpg\",\"width\":864,\"height\":409,\"caption\":\"CAR Avenue Rent Luxembourg\"},\"image\":{\"@id\":\"https:\/\/caravenue-rent.vous.lu\/#\/schema\/logo\/image\/\"},\"sameAs\":[\"https:\/\/www.facebook.com\/grouperodenbourg\/\",\"https:\/\/www.linkedin.com\/company\/18083925\/\"]}]}<\/script>\n<!-- \/ Yoast SEO plugin. -->","yoast_head_json":{"title":"CAR Avenue Rent Luxembourg - Location de v\u00e9hicules utilitaires","description":"D\u00e9couvrez notre gamme de v\u00e9hicules utilitaires \u00e0 la location : Peugeot Partner FT, Peugeot Expert FT, etc","robots":{"index":"noindex","follow":"follow","max-snippet":"max-snippet:-1","max-image-preview":"max-image-preview:large","max-video-preview":"max-video-preview:-1"},"og_locale":"en_US","og_type":"article","og_title":"CAR Avenue Rent Luxembourg - Location de v\u00e9hicules utilitaires","og_description":"D\u00e9couvrez notre gamme de v\u00e9hicules utilitaires \u00e0 la location : Peugeot Partner FT, Peugeot Expert FT, etc","og_url":"https:\/\/caravenue-rent.vous.lu\/location-de-vehicules\/vehicules-utilitaires\/","og_site_name":"CAR Avenue RENT Luxembourg","article_publisher":"https:\/\/www.facebook.com\/grouperodenbourg\/","article_modified_time":"2023-08-04T13:27:11+00:00","twitter_card":"summary_large_image","schema":{"@context":"https:\/\/schema.org","@graph":[{"@type":"WebPage","@id":"https:\/\/caravenue-rent.vous.lu\/location-de-vehicules\/vehicules-utilitaires\/","url":"https:\/\/caravenue-rent.vous.lu\/location-de-vehicules\/vehicules-utilitaires\/","name":"CAR Avenue Rent Luxembourg - Location de v\u00e9hicules utilitaires","isPartOf":{"@id":"https:\/\/caravenue-rent.vous.lu\/#website"},"datePublished":"2018-02-20T16:33:26+00:00","dateModified":"2023-08-04T13:27:11+00:00","description":"D\u00e9couvrez notre gamme de v\u00e9hicules utilitaires \u00e0 la location : Peugeot Partner FT, Peugeot Expert FT, etc","breadcrumb":{"@id":"https:\/\/caravenue-rent.vous.lu\/location-de-vehicules\/vehicules-utilitaires\/#breadcrumb"},"inLanguage":"en-US","potentialAction":[{"@type":"ReadAction","target":["https:\/\/caravenue-rent.vous.lu\/location-de-vehicules\/vehicules-utilitaires\/"]}]},{"@type":"BreadcrumbList","@id":"https:\/\/caravenue-rent.vous.lu\/location-de-vehicules\/vehicules-utilitaires\/#breadcrumb","itemListElement":[{"@type":"ListItem","position":1,"name":"Accueil","item":"https:\/\/caravenue-rent.vous.lu\/en\/"},{"@type":"ListItem","position":2,"name":"Vehicle rental","item":"https:\/\/caravenue-rent.vous.lu\/location-de-vehicules\/"},{"@type":"ListItem","position":3,"name":"V\u00e9hicules Utilitaires"}]},{"@type":"WebSite","@id":"https:\/\/caravenue-rent.vous.lu\/#website","url":"https:\/\/caravenue-rent.vous.lu\/","name":"CAR Avenue RENT Luxembourg","description":"","publisher":{"@id":"https:\/\/caravenue-rent.vous.lu\/#organization"},"potentialAction":[{"@type":"SearchAction","target":{"@type":"EntryPoint","urlTemplate":"https:\/\/caravenue-rent.vous.lu\/?s={search_term_string}"},"query-input":{"@type":"PropertyValueSpecification","valueRequired":true,"valueName":"search_term_string"}}],"inLanguage":"en-US"},{"@type":"Organization","@id":"https:\/\/caravenue-rent.vous.lu\/#organization","name":"CAR Avenue Rent Luxembourg","url":"https:\/\/caravenue-rent.vous.lu\/","logo":{"@type":"ImageObject","inLanguage":"en-US","@id":"https:\/\/caravenue-rent.vous.lu\/#\/schema\/logo\/image\/","url":"https:\/\/caravenue-rent.vous.lu\/wp-content\/uploads\/2017\/10\/logo.jpg","contentUrl":"https:\/\/caravenue-rent.vous.lu\/wp-content\/uploads\/2017\/10\/logo.jpg","width":864,"height":409,"caption":"CAR Avenue Rent Luxembourg"},"image":{"@id":"https:\/\/caravenue-rent.vous.lu\/#\/schema\/logo\/image\/"},"sameAs":["https:\/\/www.facebook.com\/grouperodenbourg\/","https:\/\/www.linkedin.com\/company\/18083925\/"]}]}},"_links":{"self":[{"href":"https:\/\/caravenue-rent.vous.lu\/en\/wp-json\/wp\/v2\/pages\/340","targetHints":{"allow":["GET"]}}],"collection":[{"href":"https:\/\/caravenue-rent.vous.lu\/en\/wp-json\/wp\/v2\/pages"}],"about":[{"href":"https:\/\/caravenue-rent.vous.lu\/en\/wp-json\/wp\/v2\/types\/page"}],"author":[{"embeddable":true,"href":"https:\/\/caravenue-rent.vous.lu\/en\/wp-json\/wp\/v2\/users\/6"}],"replies":[{"embeddable":true,"href":"https:\/\/caravenue-rent.vous.lu\/en\/wp-json\/wp\/v2\/comments?post=340"}],"version-history":[{"count":6,"href":"https:\/\/caravenue-rent.vous.lu\/en\/wp-json\/wp\/v2\/pages\/340\/revisions"}],"predecessor-version":[{"id":6885,"href":"https:\/\/caravenue-rent.vous.lu\/en\/wp-json\/wp\/v2\/pages\/340\/revisions\/6885"}],"up":[{"embeddable":true,"href":"https:\/\/caravenue-rent.vous.lu\/en\/wp-json\/wp\/v2\/pages\/362"}],"wp:attachment":[{"href":"https:\/\/caravenue-rent.vous.lu\/en\/wp-json\/wp\/v2\/media?parent=340"}],"curies":[{"name":"wp","href":"https:\/\/api.w.org\/{rel}","templated":true}]}}