{"id":376,"date":"2018-01-09T12:23:18","date_gmt":"2018-01-09T11:23:18","guid":{"rendered":"https:\/\/caravenue-rent.vous.lu\/contact\/"},"modified":"2018-05-29T14:52:33","modified_gmt":"2018-05-29T12:52:33","slug":"contact","status":"publish","type":"page","link":"https:\/\/caravenue-rent.vous.lu\/de\/contact\/","title":{"rendered":"Kontakt"},"content":{"rendered":"<h2>Kontakt<\/h2>\n","protected":false},"excerpt":{"rendered":"<p>Kontakt<\/p>\n","protected":false},"author":6,"featured_media":0,"parent":0,"menu_order":6,"comment_status":"closed","ping_status":"closed","template":"templates\/Contact.php","meta":{"_acf_changed":false,"footnotes":""},"class_list":["post-376","page","type-page","status-publish","hentry"],"acf":[],"yoast_head":"<!-- This site is optimized with the Yoast SEO plugin v26.4 - https:\/\/yoast.com\/wordpress\/plugins\/seo\/ -->\n<title>Autolux - Rodenbourg Mobility - Kontakt<\/title>\n<meta name=\"description\" content=\"Ben\u00f6tigen Sie Hilfe? Sie k\u00f6nnen uns unter (+352) 22 11 81 26 erreichen. Sie k\u00f6nnen auch direkt \u00fcber unser Online-Kontaktformular mit uns Kontakt aufnehmen.\" \/>\n<meta name=\"robots\" content=\"noindex, follow, max-snippet:-1, max-image-preview:large, max-video-preview:-1\" \/>\n<meta property=\"og:locale\" content=\"de_DE\" \/>\n<meta property=\"og:type\" content=\"article\" \/>\n<meta property=\"og:title\" content=\"Autolux - Rodenbourg Mobility - Kontakt\" \/>\n<meta property=\"og:description\" content=\"Ben\u00f6tigen Sie Hilfe? Sie k\u00f6nnen uns unter (+352) 22 11 81 26 erreichen. Sie k\u00f6nnen auch direkt \u00fcber unser Online-Kontaktformular mit uns Kontakt aufnehmen.\" \/>\n<meta property=\"og:url\" content=\"https:\/\/caravenue-rent.vous.lu\/de\/contact\/\" \/>\n<meta property=\"og:site_name\" content=\"CAR Avenue RENT Luxembourg\" \/>\n<meta property=\"article:publisher\" content=\"https:\/\/www.facebook.com\/grouperodenbourg\/\" \/>\n<meta property=\"article:modified_time\" content=\"2018-05-29T12:52:33+00:00\" \/>\n<meta name=\"twitter:card\" content=\"summary_large_image\" \/>\n<script type=\"application\/ld+json\" class=\"yoast-schema-graph\">{\"@context\":\"https:\/\/schema.org\",\"@graph\":[{\"@type\":\"WebPage\",\"@id\":\"https:\/\/caravenue-rent.vous.lu\/de\/contact\/\",\"url\":\"https:\/\/caravenue-rent.vous.lu\/de\/contact\/\",\"name\":\"Autolux - Rodenbourg Mobility - Kontakt\",\"isPartOf\":{\"@id\":\"https:\/\/caravenue-rent.vous.lu\/#website\"},\"datePublished\":\"2018-01-09T11:23:18+00:00\",\"dateModified\":\"2018-05-29T12:52:33+00:00\",\"description\":\"Ben\u00f6tigen Sie Hilfe? Sie k\u00f6nnen uns unter (+352) 22 11 81 26 erreichen. Sie k\u00f6nnen auch direkt \u00fcber unser Online-Kontaktformular mit uns Kontakt aufnehmen.\",\"breadcrumb\":{\"@id\":\"https:\/\/caravenue-rent.vous.lu\/de\/contact\/#breadcrumb\"},\"inLanguage\":\"de\",\"potentialAction\":[{\"@type\":\"ReadAction\",\"target\":[\"https:\/\/caravenue-rent.vous.lu\/de\/contact\/\"]}]},{\"@type\":\"BreadcrumbList\",\"@id\":\"https:\/\/caravenue-rent.vous.lu\/de\/contact\/#breadcrumb\",\"itemListElement\":[{\"@type\":\"ListItem\",\"position\":1,\"name\":\"Accueil\",\"item\":\"https:\/\/caravenue-rent.vous.lu\/de\/\"},{\"@type\":\"ListItem\",\"position\":2,\"name\":\"Kontakt\"}]},{\"@type\":\"WebSite\",\"@id\":\"https:\/\/caravenue-rent.vous.lu\/#website\",\"url\":\"https:\/\/caravenue-rent.vous.lu\/\",\"name\":\"CAR Avenue RENT Luxembourg\",\"description\":\"\",\"publisher\":{\"@id\":\"https:\/\/caravenue-rent.vous.lu\/#organization\"},\"potentialAction\":[{\"@type\":\"SearchAction\",\"target\":{\"@type\":\"EntryPoint\",\"urlTemplate\":\"https:\/\/caravenue-rent.vous.lu\/?s={search_term_string}\"},\"query-input\":{\"@type\":\"PropertyValueSpecification\",\"valueRequired\":true,\"valueName\":\"search_term_string\"}}],\"inLanguage\":\"de\"},{\"@type\":\"Organization\",\"@id\":\"https:\/\/caravenue-rent.vous.lu\/#organization\",\"name\":\"CAR Avenue Rent Luxembourg\",\"url\":\"https:\/\/caravenue-rent.vous.lu\/\",\"logo\":{\"@type\":\"ImageObject\",\"inLanguage\":\"de\",\"@id\":\"https:\/\/caravenue-rent.vous.lu\/#\/schema\/logo\/image\/\",\"url\":\"https:\/\/caravenue-rent.vous.lu\/wp-content\/uploads\/2017\/10\/logo.jpg\",\"contentUrl\":\"https:\/\/caravenue-rent.vous.lu\/wp-content\/uploads\/2017\/10\/logo.jpg\",\"width\":864,\"height\":409,\"caption\":\"CAR Avenue Rent Luxembourg\"},\"image\":{\"@id\":\"https:\/\/caravenue-rent.vous.lu\/#\/schema\/logo\/image\/\"},\"sameAs\":[\"https:\/\/www.facebook.com\/grouperodenbourg\/\",\"https:\/\/www.linkedin.com\/company\/18083925\/\"]}]}<\/script>\n<!-- \/ Yoast SEO plugin. -->","yoast_head_json":{"title":"Autolux - Rodenbourg Mobility - Kontakt","description":"Ben\u00f6tigen Sie Hilfe? Sie k\u00f6nnen uns unter (+352) 22 11 81 26 erreichen. Sie k\u00f6nnen auch direkt \u00fcber unser Online-Kontaktformular mit uns Kontakt aufnehmen.","robots":{"index":"noindex","follow":"follow","max-snippet":"max-snippet:-1","max-image-preview":"max-image-preview:large","max-video-preview":"max-video-preview:-1"},"og_locale":"de_DE","og_type":"article","og_title":"Autolux - Rodenbourg Mobility - Kontakt","og_description":"Ben\u00f6tigen Sie Hilfe? Sie k\u00f6nnen uns unter (+352) 22 11 81 26 erreichen. Sie k\u00f6nnen auch direkt \u00fcber unser Online-Kontaktformular mit uns Kontakt aufnehmen.","og_url":"https:\/\/caravenue-rent.vous.lu\/de\/contact\/","og_site_name":"CAR Avenue RENT Luxembourg","article_publisher":"https:\/\/www.facebook.com\/grouperodenbourg\/","article_modified_time":"2018-05-29T12:52:33+00:00","twitter_card":"summary_large_image","schema":{"@context":"https:\/\/schema.org","@graph":[{"@type":"WebPage","@id":"https:\/\/caravenue-rent.vous.lu\/de\/contact\/","url":"https:\/\/caravenue-rent.vous.lu\/de\/contact\/","name":"Autolux - Rodenbourg Mobility - Kontakt","isPartOf":{"@id":"https:\/\/caravenue-rent.vous.lu\/#website"},"datePublished":"2018-01-09T11:23:18+00:00","dateModified":"2018-05-29T12:52:33+00:00","description":"Ben\u00f6tigen Sie Hilfe? Sie k\u00f6nnen uns unter (+352) 22 11 81 26 erreichen. Sie k\u00f6nnen auch direkt \u00fcber unser Online-Kontaktformular mit uns Kontakt aufnehmen.","breadcrumb":{"@id":"https:\/\/caravenue-rent.vous.lu\/de\/contact\/#breadcrumb"},"inLanguage":"de","potentialAction":[{"@type":"ReadAction","target":["https:\/\/caravenue-rent.vous.lu\/de\/contact\/"]}]},{"@type":"BreadcrumbList","@id":"https:\/\/caravenue-rent.vous.lu\/de\/contact\/#breadcrumb","itemListElement":[{"@type":"ListItem","position":1,"name":"Accueil","item":"https:\/\/caravenue-rent.vous.lu\/de\/"},{"@type":"ListItem","position":2,"name":"Kontakt"}]},{"@type":"WebSite","@id":"https:\/\/caravenue-rent.vous.lu\/#website","url":"https:\/\/caravenue-rent.vous.lu\/","name":"CAR Avenue RENT Luxembourg","description":"","publisher":{"@id":"https:\/\/caravenue-rent.vous.lu\/#organization"},"potentialAction":[{"@type":"SearchAction","target":{"@type":"EntryPoint","urlTemplate":"https:\/\/caravenue-rent.vous.lu\/?s={search_term_string}"},"query-input":{"@type":"PropertyValueSpecification","valueRequired":true,"valueName":"search_term_string"}}],"inLanguage":"de"},{"@type":"Organization","@id":"https:\/\/caravenue-rent.vous.lu\/#organization","name":"CAR Avenue Rent Luxembourg","url":"https:\/\/caravenue-rent.vous.lu\/","logo":{"@type":"ImageObject","inLanguage":"de","@id":"https:\/\/caravenue-rent.vous.lu\/#\/schema\/logo\/image\/","url":"https:\/\/caravenue-rent.vous.lu\/wp-content\/uploads\/2017\/10\/logo.jpg","contentUrl":"https:\/\/caravenue-rent.vous.lu\/wp-content\/uploads\/2017\/10\/logo.jpg","width":864,"height":409,"caption":"CAR Avenue Rent Luxembourg"},"image":{"@id":"https:\/\/caravenue-rent.vous.lu\/#\/schema\/logo\/image\/"},"sameAs":["https:\/\/www.facebook.com\/grouperodenbourg\/","https:\/\/www.linkedin.com\/company\/18083925\/"]}]}},"_links":{"self":[{"href":"https:\/\/caravenue-rent.vous.lu\/de\/wp-json\/wp\/v2\/pages\/376","targetHints":{"allow":["GET"]}}],"collection":[{"href":"https:\/\/caravenue-rent.vous.lu\/de\/wp-json\/wp\/v2\/pages"}],"about":[{"href":"https:\/\/caravenue-rent.vous.lu\/de\/wp-json\/wp\/v2\/types\/page"}],"author":[{"embeddable":true,"href":"https:\/\/caravenue-rent.vous.lu\/de\/wp-json\/wp\/v2\/users\/6"}],"replies":[{"embeddable":true,"href":"https:\/\/caravenue-rent.vous.lu\/de\/wp-json\/wp\/v2\/comments?post=376"}],"version-history":[{"count":3,"href":"https:\/\/caravenue-rent.vous.lu\/de\/wp-json\/wp\/v2\/pages\/376\/revisions"}],"predecessor-version":[{"id":1456,"href":"https:\/\/caravenue-rent.vous.lu\/de\/wp-json\/wp\/v2\/pages\/376\/revisions\/1456"}],"wp:attachment":[{"href":"https:\/\/caravenue-rent.vous.lu\/de\/wp-json\/wp\/v2\/media?parent=376"}],"curies":[{"name":"wp","href":"https:\/\/api.w.org\/{rel}","templated":true}]}}