{"id":370,"date":"2018-01-09T12:25:36","date_gmt":"2018-01-09T11:25:36","guid":{"rendered":"https:\/\/caravenue-rent.vous.lu\/mentions-legales\/"},"modified":"2018-05-29T11:39:45","modified_gmt":"2018-05-29T09:39:45","slug":"impressum","status":"publish","type":"page","link":"https:\/\/caravenue-rent.vous.lu\/de\/impressum\/","title":{"rendered":"Impressum"},"content":{"rendered":"<h2>Impressum<\/h2>\n<p><strong>Herausgeber der Website<\/strong><\/p>\n<p><strong>Autolux<\/strong><\/p>\n<p>Soziale Form: S\u00e0rl<br \/>\nGesellschaftskapital: 12.500 Euro<br \/>\nGesch\u00e4ftssitz: 54 Route d&#8217;Arlon, L-8008 Strassen<br \/>\nTel.: +352\u00a0 22 11 81 26<br \/>\nInternet: caravenue-rent.vous.lu<br \/>\nE-Mail: info@caravenue-rent.vous.lu<br \/>\nRCSL: B 8047<br \/>\nUmsatzsteuer-Identifikationsnummer: LU 11928828<\/p>\n<p>Entwickler, Hoster und Webmarketing der Website<\/p>\n<p>Unterst\u00fctzt von:<br \/>\n<strong>EDITUS<\/strong><\/p>\n<p>Soziale Form: S.A.<br \/>\nGesch\u00e4ftssitz: 208, rue de Noertzange &#8211;\u00a0 L-3670 Kayl<br \/>\nTel.: +352 49 60 51 1<\/p>\n<p>Made by :<br \/>\n<strong>REACHTHEFIRST<\/strong><br \/>\nDigital Agency<\/p>\n<p>Soziale Form: S.A.<br \/>\nGesellschaftskapital: 31.000 Euro<br \/>\nGesch\u00e4ftssitz: 15, rue de l\u2019industrie \u2013 L-8069 Bertrange<br \/>\nTel: +352 26 25 90 92-1<br \/>\nWebsite: www.reachthefirst.com<br \/>\nHandelsregister Luxemburg: B147120<\/p>\n<p>Die Internetseite wird gehostet von REACHTHEFIRST auf ihren Servern.<\/p>\n<p><strong>Zweck<\/strong><\/p>\n<p>Die vorliegende Website informiert \u00fcber die Aktivit\u00e4ten und die Dienstleistungen von Autolux.<\/p>\n<p>Der Besuch der Internetseite caravenue-rent.vous.lu setzt die vorbehaltlose Akzeptanz der vorliegenden Nutzungsbedingungen voraus.<\/p>\n<p><strong>Geistiges Eigentum<\/strong><\/p>\n<p>Die allgemeine Struktur sowie die Software, Texte, Fotos, animierte oder nicht animierte Bilder, T\u00f6ne, Know-how, Zeichnungen, Grafiken oder andere Bestandteile, aus denen sich die Website zusammensetzt, sind ausschlie\u00dfliches Eigentum von REACHTHEFIRST, AUTOLUX und seiner Partner.<\/p>\n<p>Der Benutzer der vorliegenden Website ist angehalten, gesetzliche Vorschriften in Bezug auf EDV, Dateien und Freiheiten, deren Verletzung strafrechtliche Folgen haben kann, einzuhalten.<\/p>\n<p>Jegliche Repr\u00e4sentation dieser Website im Ganzen oder in Teilen, durch welches Verfahren auch immer, ist ohne die ausdr\u00fcckliche Genehmigung des Herausgebers der Website verboten und stellt eine F\u00e4lschung dar.<\/p>\n<p>Dasselbe gilt f\u00fcr die Datenbanken, die auf der Website vorhanden sind, und die durch die Regelungen des luxemburgischen Gesetzes vom 18. April 2004 gesch\u00fctzt sind, das dasjenige vom 18. April 2001 \u00fcber das Urheberrecht, verwandte Schutzrechte und Datenbanken ab\u00e4ndert.<\/p>\n<p>Die Marke oder Handelsmarke Autolux sowie die Logos, die auf der Website vorkommen, sind eingetragene Warenzeichen oder Eigentum seiner Partner.<\/p>\n<p>Jegliche ganze oder teilweise Reproduktion dieser Marken oder Logos, anhand von Bestandteilen der Website ohne die ausdr\u00fcckliche Genehmigung von Autolux ist daher verboten.<\/p>\n<p><strong>Redaktioneller Inhalt<\/strong><\/p>\n<p>Die Website bem\u00fcht sich um die Richtigkeit und die Aktualisierung der auf der Internetseite verbreiteten Informationen, und haftet nicht f\u00fcr Ungenauigkeiten oder Auslassungen sowie f\u00fcr Sch\u00e4den, die durch das betr\u00fcgerische Eindringen eines Dritten, das zu \u00c4nderungen des zur Verf\u00fcgung gestellten Webseiteninhalts gef\u00fchrt hat, entstehen.<\/p>\n<p>Der redaktionelle Inhalt dieser Website dient rein informatorischen Zwecken und besitzt keinen vertraglichen Charakter, er kann ohne Vorank\u00fcndigung und Regressanspr\u00fcche ge\u00e4ndert werden.<\/p>\n<p>Diese Informationen stellen in keinem Fall eine Behauptung, eine Garantie oder eine Verpflichtung jeglicher Art seitens des Herausgeber dar.<\/p>\n<p><strong>Rechte und Pflichten des Benutzers<\/strong><\/p>\n<p>Der Benutzer der vorliegenden Seite erkennt an, dass er in der Lage ist, die f\u00fcr den Zugriff und die Nutzung dieser Website notwendigen Mittel einzusetzen und dass er gepr\u00fcft hat, dass die eingesetzte rechnertechnische Konfiguration keinen Virus aufweist und \u00fcber einen funktionst\u00fcchtigen Zustand verf\u00fcgt.<\/p>\n<p>Der Nutzer wird dar\u00fcber informiert, dass die Website bei seinen Besuchen Informationen sammelt, die f\u00fcr das Erstellen von Besuchs-Statistiken bestimmt sind. Ein Cookie kann sich automatisch auf seinem Browser installieren.<\/p>\n<p>Ein Cookie ist eine Datenblock, der nicht dazu dient den Nutzer zu identifizieren, sondern dazu dient Informationen bez\u00fcglich seiner Navigation auf der Website zu speichern.<\/p>\n<p>Die Sammlung personenbezogener Daten auf der Website erfolgt in \u00dcbereinstimmung mit den geltenden Gesetzen \u00fcber den Schutz von Daten und Dateien im Gro\u00dfherzogtum Luxemburg.<\/p>\n<p>In \u00dcbereinstimmung mit den geltenden Gesetzen verf\u00fcgt der Nutzer \u00fcber das Recht auf ihn betreffende Daten zuzugreifen, sie zu \u00e4ndern oder zu l\u00f6schen, indem er den Herausgeber der Website kontaktiert. Um die Aus\u00fcbung dieses Rechts zu vereinfachen, kann er sich abmelden, indem er auf den Abmeldelink in den an ihn gerichteten E-Mails klickt.<\/p>\n<p><strong>Hyperlinks<\/strong><\/p>\n<p>F\u00fcr die Hyperlinks, die auf der Website zu anderen Websites verlinken, die es im Internet gibt, sind im Vorfeld ausdr\u00fcckliche und schriftliche Genehmigungen erteilt worden. Die Benutzer der Internetseite d\u00fcrfen keine Hyperlinks installieren, ohne die vorherige ausdr\u00fcckliche und schriftliche Genehmigung des Herausgebers.<\/p>\n<p><strong>Verf\u00fcgbarkeit der Dienstleistung<\/strong><\/p>\n<p>Der Herausgeber ist nur durch eine Mittelsverpflichtung hinsichtlich der Zug\u00e4nglichkeit der Dienstleistung gebunden und setzt alle Mittel ein, damit die Website 7\/7 Tage und 24\/24 Stunden verf\u00fcgbar ist.<\/p>\n<p>Er kann jedoch den Zugriff auf die Website ohne vorherige Benachrichtigung aussetzen, insbesondere aufgrund von Wartungsarbeiten oder Aktualisierung und kann in keinem Fall f\u00fcr m\u00f6gliche Sch\u00e4den, die daraus entstehen k\u00f6nnen, haftbar gemacht werden.<\/p>\n<p><strong>Anwendbarers Recht<\/strong><\/p>\n<p>Die ANG unterliegen luxemburgischem Recht.<\/p>\n","protected":false},"excerpt":{"rendered":"<p>Impressum Herausgeber der Website Autolux Soziale Form: S\u00e0rl Gesellschaftskapital: 12.500 Euro Gesch\u00e4ftssitz: 54 Route d&#8217;Arlon, L-8008 Strassen Tel.: +352\u00a0 22 11 81 26 Internet: caravenue-rent.vous.lu E-Mail: info@caravenue-rent.vous.lu RCSL: B 8047 Umsatzsteuer-Identifikationsnummer: LU 11928828 Entwickler, Hoster und Webmarketing der Website Unterst\u00fctzt von: EDITUS Soziale Form: S.A. Gesch\u00e4ftssitz: 208, rue de Noertzange &#8211;\u00a0 L-3670 Kayl Tel.: +352&#8230;<\/p>\n","protected":false},"author":6,"featured_media":0,"parent":0,"menu_order":100,"comment_status":"closed","ping_status":"closed","template":"","meta":{"_acf_changed":false,"footnotes":""},"class_list":["post-370","page","type-page","status-publish","hentry"],"acf":[],"yoast_head":"<!-- This site is optimized with the Yoast SEO plugin v26.4 - https:\/\/yoast.com\/wordpress\/plugins\/seo\/ -->\n<title>Autolux - Rodenbourg Mobility - Impressum<\/title>\n<meta name=\"robots\" content=\"noindex, follow, max-snippet:-1, max-image-preview:large, max-video-preview:-1\" \/>\n<meta property=\"og:locale\" content=\"de_DE\" \/>\n<meta property=\"og:type\" content=\"article\" \/>\n<meta property=\"og:title\" content=\"Autolux - Rodenbourg Mobility - Impressum\" \/>\n<meta property=\"og:description\" content=\"Impressum Herausgeber der Website Autolux Soziale Form: S\u00e0rl Gesellschaftskapital: 12.500 Euro Gesch\u00e4ftssitz: 54 Route d&#8217;Arlon, L-8008 Strassen Tel.: +352\u00a0 22 11 81 26 Internet: caravenue-rent.vous.lu E-Mail: info@caravenue-rent.vous.lu RCSL: B 8047 Umsatzsteuer-Identifikationsnummer: LU 11928828 Entwickler, Hoster und Webmarketing der Website Unterst\u00fctzt von: EDITUS Soziale Form: S.A. Gesch\u00e4ftssitz: 208, rue de Noertzange &#8211;\u00a0 L-3670 Kayl Tel.: +352...\" \/>\n<meta property=\"og:url\" content=\"https:\/\/caravenue-rent.vous.lu\/de\/impressum\/\" \/>\n<meta property=\"og:site_name\" content=\"CAR Avenue RENT Luxembourg\" \/>\n<meta property=\"article:publisher\" content=\"https:\/\/www.facebook.com\/grouperodenbourg\/\" \/>\n<meta property=\"article:modified_time\" content=\"2018-05-29T09:39:45+00:00\" \/>\n<meta name=\"twitter:card\" content=\"summary_large_image\" \/>\n<meta name=\"twitter:label1\" content=\"Gesch\u00e4tzte Lesezeit\" \/>\n\t<meta name=\"twitter:data1\" content=\"4\u00a0Minuten\" \/>\n<script type=\"application\/ld+json\" class=\"yoast-schema-graph\">{\"@context\":\"https:\/\/schema.org\",\"@graph\":[{\"@type\":\"WebPage\",\"@id\":\"https:\/\/caravenue-rent.vous.lu\/de\/impressum\/\",\"url\":\"https:\/\/caravenue-rent.vous.lu\/de\/impressum\/\",\"name\":\"Autolux - Rodenbourg Mobility - Impressum\",\"isPartOf\":{\"@id\":\"https:\/\/caravenue-rent.vous.lu\/#website\"},\"datePublished\":\"2018-01-09T11:25:36+00:00\",\"dateModified\":\"2018-05-29T09:39:45+00:00\",\"breadcrumb\":{\"@id\":\"https:\/\/caravenue-rent.vous.lu\/de\/impressum\/#breadcrumb\"},\"inLanguage\":\"de\",\"potentialAction\":[{\"@type\":\"ReadAction\",\"target\":[\"https:\/\/caravenue-rent.vous.lu\/de\/impressum\/\"]}]},{\"@type\":\"BreadcrumbList\",\"@id\":\"https:\/\/caravenue-rent.vous.lu\/de\/impressum\/#breadcrumb\",\"itemListElement\":[{\"@type\":\"ListItem\",\"position\":1,\"name\":\"Accueil\",\"item\":\"https:\/\/caravenue-rent.vous.lu\/de\/\"},{\"@type\":\"ListItem\",\"position\":2,\"name\":\"Impressum\"}]},{\"@type\":\"WebSite\",\"@id\":\"https:\/\/caravenue-rent.vous.lu\/#website\",\"url\":\"https:\/\/caravenue-rent.vous.lu\/\",\"name\":\"CAR Avenue RENT Luxembourg\",\"description\":\"\",\"publisher\":{\"@id\":\"https:\/\/caravenue-rent.vous.lu\/#organization\"},\"potentialAction\":[{\"@type\":\"SearchAction\",\"target\":{\"@type\":\"EntryPoint\",\"urlTemplate\":\"https:\/\/caravenue-rent.vous.lu\/?s={search_term_string}\"},\"query-input\":{\"@type\":\"PropertyValueSpecification\",\"valueRequired\":true,\"valueName\":\"search_term_string\"}}],\"inLanguage\":\"de\"},{\"@type\":\"Organization\",\"@id\":\"https:\/\/caravenue-rent.vous.lu\/#organization\",\"name\":\"CAR Avenue Rent Luxembourg\",\"url\":\"https:\/\/caravenue-rent.vous.lu\/\",\"logo\":{\"@type\":\"ImageObject\",\"inLanguage\":\"de\",\"@id\":\"https:\/\/caravenue-rent.vous.lu\/#\/schema\/logo\/image\/\",\"url\":\"https:\/\/caravenue-rent.vous.lu\/wp-content\/uploads\/2017\/10\/logo.jpg\",\"contentUrl\":\"https:\/\/caravenue-rent.vous.lu\/wp-content\/uploads\/2017\/10\/logo.jpg\",\"width\":864,\"height\":409,\"caption\":\"CAR Avenue Rent Luxembourg\"},\"image\":{\"@id\":\"https:\/\/caravenue-rent.vous.lu\/#\/schema\/logo\/image\/\"},\"sameAs\":[\"https:\/\/www.facebook.com\/grouperodenbourg\/\",\"https:\/\/www.linkedin.com\/company\/18083925\/\"]}]}<\/script>\n<!-- \/ Yoast SEO plugin. -->","yoast_head_json":{"title":"Autolux - Rodenbourg Mobility - Impressum","robots":{"index":"noindex","follow":"follow","max-snippet":"max-snippet:-1","max-image-preview":"max-image-preview:large","max-video-preview":"max-video-preview:-1"},"og_locale":"de_DE","og_type":"article","og_title":"Autolux - Rodenbourg Mobility - Impressum","og_description":"Impressum Herausgeber der Website Autolux Soziale Form: S\u00e0rl Gesellschaftskapital: 12.500 Euro Gesch\u00e4ftssitz: 54 Route d&#8217;Arlon, L-8008 Strassen Tel.: +352\u00a0 22 11 81 26 Internet: caravenue-rent.vous.lu E-Mail: info@caravenue-rent.vous.lu RCSL: B 8047 Umsatzsteuer-Identifikationsnummer: LU 11928828 Entwickler, Hoster und Webmarketing der Website Unterst\u00fctzt von: EDITUS Soziale Form: S.A. Gesch\u00e4ftssitz: 208, rue de Noertzange &#8211;\u00a0 L-3670 Kayl Tel.: +352...","og_url":"https:\/\/caravenue-rent.vous.lu\/de\/impressum\/","og_site_name":"CAR Avenue RENT Luxembourg","article_publisher":"https:\/\/www.facebook.com\/grouperodenbourg\/","article_modified_time":"2018-05-29T09:39:45+00:00","twitter_card":"summary_large_image","twitter_misc":{"Gesch\u00e4tzte Lesezeit":"4\u00a0Minuten"},"schema":{"@context":"https:\/\/schema.org","@graph":[{"@type":"WebPage","@id":"https:\/\/caravenue-rent.vous.lu\/de\/impressum\/","url":"https:\/\/caravenue-rent.vous.lu\/de\/impressum\/","name":"Autolux - Rodenbourg Mobility - Impressum","isPartOf":{"@id":"https:\/\/caravenue-rent.vous.lu\/#website"},"datePublished":"2018-01-09T11:25:36+00:00","dateModified":"2018-05-29T09:39:45+00:00","breadcrumb":{"@id":"https:\/\/caravenue-rent.vous.lu\/de\/impressum\/#breadcrumb"},"inLanguage":"de","potentialAction":[{"@type":"ReadAction","target":["https:\/\/caravenue-rent.vous.lu\/de\/impressum\/"]}]},{"@type":"BreadcrumbList","@id":"https:\/\/caravenue-rent.vous.lu\/de\/impressum\/#breadcrumb","itemListElement":[{"@type":"ListItem","position":1,"name":"Accueil","item":"https:\/\/caravenue-rent.vous.lu\/de\/"},{"@type":"ListItem","position":2,"name":"Impressum"}]},{"@type":"WebSite","@id":"https:\/\/caravenue-rent.vous.lu\/#website","url":"https:\/\/caravenue-rent.vous.lu\/","name":"CAR Avenue RENT Luxembourg","description":"","publisher":{"@id":"https:\/\/caravenue-rent.vous.lu\/#organization"},"potentialAction":[{"@type":"SearchAction","target":{"@type":"EntryPoint","urlTemplate":"https:\/\/caravenue-rent.vous.lu\/?s={search_term_string}"},"query-input":{"@type":"PropertyValueSpecification","valueRequired":true,"valueName":"search_term_string"}}],"inLanguage":"de"},{"@type":"Organization","@id":"https:\/\/caravenue-rent.vous.lu\/#organization","name":"CAR Avenue Rent Luxembourg","url":"https:\/\/caravenue-rent.vous.lu\/","logo":{"@type":"ImageObject","inLanguage":"de","@id":"https:\/\/caravenue-rent.vous.lu\/#\/schema\/logo\/image\/","url":"https:\/\/caravenue-rent.vous.lu\/wp-content\/uploads\/2017\/10\/logo.jpg","contentUrl":"https:\/\/caravenue-rent.vous.lu\/wp-content\/uploads\/2017\/10\/logo.jpg","width":864,"height":409,"caption":"CAR Avenue Rent Luxembourg"},"image":{"@id":"https:\/\/caravenue-rent.vous.lu\/#\/schema\/logo\/image\/"},"sameAs":["https:\/\/www.facebook.com\/grouperodenbourg\/","https:\/\/www.linkedin.com\/company\/18083925\/"]}]}},"_links":{"self":[{"href":"https:\/\/caravenue-rent.vous.lu\/de\/wp-json\/wp\/v2\/pages\/370","targetHints":{"allow":["GET"]}}],"collection":[{"href":"https:\/\/caravenue-rent.vous.lu\/de\/wp-json\/wp\/v2\/pages"}],"about":[{"href":"https:\/\/caravenue-rent.vous.lu\/de\/wp-json\/wp\/v2\/types\/page"}],"author":[{"embeddable":true,"href":"https:\/\/caravenue-rent.vous.lu\/de\/wp-json\/wp\/v2\/users\/6"}],"replies":[{"embeddable":true,"href":"https:\/\/caravenue-rent.vous.lu\/de\/wp-json\/wp\/v2\/comments?post=370"}],"version-history":[{"count":3,"href":"https:\/\/caravenue-rent.vous.lu\/de\/wp-json\/wp\/v2\/pages\/370\/revisions"}],"predecessor-version":[{"id":1304,"href":"https:\/\/caravenue-rent.vous.lu\/de\/wp-json\/wp\/v2\/pages\/370\/revisions\/1304"}],"wp:attachment":[{"href":"https:\/\/caravenue-rent.vous.lu\/de\/wp-json\/wp\/v2\/media?parent=370"}],"curies":[{"name":"wp","href":"https:\/\/api.w.org\/{rel}","templated":true}]}}