{"id":367,"date":"2018-01-09T14:13:47","date_gmt":"2018-01-09T13:13:47","guid":{"rendered":"https:\/\/caravenue-rent.vous.lu\/a-propos\/"},"modified":"2025-03-18T12:02:29","modified_gmt":"2025-03-18T11:02:29","slug":"apropos","status":"publish","type":"page","link":"https:\/\/caravenue-rent.vous.lu\/de\/apropos\/","title":{"rendered":"CAR Avenue RENT"},"content":{"rendered":"<h2>AUTOLUX feiert sein 50. Jubil\u00e4um!<\/h2>\n<h3>Ein Partner in Ihrer N\u00e4he, der immer f\u00fcr Sie da ist.<\/h3>\n<p>Autolux, gegr\u00fcndet 1968, ist ein 100 % lokales Unternehmen mit einem breitgef\u00e4cherten Serviceangebot rund um die kurzfristige Vermietung von Autos.<br \/>\nUnser Angebot umfasst eine gro\u00dfe Auswahl an Pkws oder Nutzfahrzeugen, die den Bed\u00fcrfnissen von Privatpersonen und auch Unternehmen f\u00fcr eine Dauer von bis zu 12 Monaten gerecht werden.<br \/>\nUnsere Teams setzen ihre Erfahrung und ihr Einf\u00fchlungsverm\u00f6gen ein, um einen pers\u00f6nlichen und qualitativ hochwertigen Service anzubieten und auch die ausgefallensten W\u00fcnsche zu erf\u00fcllen.<\/p>\n","protected":false},"excerpt":{"rendered":"<p>AUTOLUX feiert sein 50. Jubil\u00e4um! Ein Partner in Ihrer N\u00e4he, der immer f\u00fcr Sie da ist. Autolux, gegr\u00fcndet 1968, ist ein 100 % lokales Unternehmen mit einem breitgef\u00e4cherten Serviceangebot rund um die kurzfristige Vermietung von Autos. Unser Angebot umfasst eine gro\u00dfe Auswahl an Pkws oder Nutzfahrzeugen, die den Bed\u00fcrfnissen von Privatpersonen und auch Unternehmen f\u00fcr&#8230;<\/p>\n","protected":false},"author":6,"featured_media":0,"parent":0,"menu_order":2,"comment_status":"closed","ping_status":"closed","template":"templates\/Services.php","meta":{"_acf_changed":false,"footnotes":""},"class_list":["post-367","page","type-page","status-publish","hentry"],"acf":[],"yoast_head":"<!-- This site is optimized with the Yoast SEO plugin v26.4 - https:\/\/yoast.com\/wordpress\/plugins\/seo\/ -->\n<title>CAR Avenue Rent Luxembourg - CAR Avenue - A propos<\/title>\n<meta name=\"description\" content=\"Autolux bietet ein breitgef\u00e4chertes Angebot an Serviceleistungen rund um die kurzfristige Vermietung von Autos an. Unser Angebot umfasst eine gro\u00dfe Auswahl an Pkws oder Nutzfahrzeugen, die den Bed\u00fcrfnissen von Privatpersonen und auch Unternehmen f\u00fcr eine Dauer von bis zu 12 Monaten gerecht werden.\" \/>\n<meta name=\"robots\" content=\"noindex, follow, max-snippet:-1, max-image-preview:large, max-video-preview:-1\" \/>\n<meta property=\"og:locale\" content=\"de_DE\" \/>\n<meta property=\"og:type\" content=\"article\" \/>\n<meta property=\"og:title\" content=\"CAR Avenue Rent Luxembourg - CAR Avenue - A propos\" \/>\n<meta property=\"og:description\" content=\"Autolux bietet ein breitgef\u00e4chertes Angebot an Serviceleistungen rund um die kurzfristige Vermietung von Autos an. Unser Angebot umfasst eine gro\u00dfe Auswahl an Pkws oder Nutzfahrzeugen, die den Bed\u00fcrfnissen von Privatpersonen und auch Unternehmen f\u00fcr eine Dauer von bis zu 12 Monaten gerecht werden.\" \/>\n<meta property=\"og:url\" content=\"https:\/\/caravenue-rent.vous.lu\/de\/apropos\/\" \/>\n<meta property=\"og:site_name\" content=\"CAR Avenue RENT Luxembourg\" \/>\n<meta property=\"article:publisher\" content=\"https:\/\/www.facebook.com\/grouperodenbourg\/\" \/>\n<meta property=\"article:modified_time\" content=\"2025-03-18T11:02:29+00:00\" \/>\n<meta name=\"twitter:card\" content=\"summary_large_image\" \/>\n<script type=\"application\/ld+json\" class=\"yoast-schema-graph\">{\"@context\":\"https:\/\/schema.org\",\"@graph\":[{\"@type\":\"WebPage\",\"@id\":\"https:\/\/caravenue-rent.vous.lu\/de\/apropos\/\",\"url\":\"https:\/\/caravenue-rent.vous.lu\/de\/apropos\/\",\"name\":\"CAR Avenue Rent Luxembourg - CAR Avenue - A propos\",\"isPartOf\":{\"@id\":\"https:\/\/caravenue-rent.vous.lu\/#website\"},\"datePublished\":\"2018-01-09T13:13:47+00:00\",\"dateModified\":\"2025-03-18T11:02:29+00:00\",\"description\":\"Autolux bietet ein breitgef\u00e4chertes Angebot an Serviceleistungen rund um die kurzfristige Vermietung von Autos an. Unser Angebot umfasst eine gro\u00dfe Auswahl an Pkws oder Nutzfahrzeugen, die den Bed\u00fcrfnissen von Privatpersonen und auch Unternehmen f\u00fcr eine Dauer von bis zu 12 Monaten gerecht werden.\",\"breadcrumb\":{\"@id\":\"https:\/\/caravenue-rent.vous.lu\/de\/apropos\/#breadcrumb\"},\"inLanguage\":\"de\",\"potentialAction\":[{\"@type\":\"ReadAction\",\"target\":[\"https:\/\/caravenue-rent.vous.lu\/de\/apropos\/\"]}]},{\"@type\":\"BreadcrumbList\",\"@id\":\"https:\/\/caravenue-rent.vous.lu\/de\/apropos\/#breadcrumb\",\"itemListElement\":[{\"@type\":\"ListItem\",\"position\":1,\"name\":\"Accueil\",\"item\":\"https:\/\/caravenue-rent.vous.lu\/de\/\"},{\"@type\":\"ListItem\",\"position\":2,\"name\":\"CAR Avenue RENT\"}]},{\"@type\":\"WebSite\",\"@id\":\"https:\/\/caravenue-rent.vous.lu\/#website\",\"url\":\"https:\/\/caravenue-rent.vous.lu\/\",\"name\":\"CAR Avenue RENT Luxembourg\",\"description\":\"\",\"publisher\":{\"@id\":\"https:\/\/caravenue-rent.vous.lu\/#organization\"},\"potentialAction\":[{\"@type\":\"SearchAction\",\"target\":{\"@type\":\"EntryPoint\",\"urlTemplate\":\"https:\/\/caravenue-rent.vous.lu\/?s={search_term_string}\"},\"query-input\":{\"@type\":\"PropertyValueSpecification\",\"valueRequired\":true,\"valueName\":\"search_term_string\"}}],\"inLanguage\":\"de\"},{\"@type\":\"Organization\",\"@id\":\"https:\/\/caravenue-rent.vous.lu\/#organization\",\"name\":\"CAR Avenue Rent Luxembourg\",\"url\":\"https:\/\/caravenue-rent.vous.lu\/\",\"logo\":{\"@type\":\"ImageObject\",\"inLanguage\":\"de\",\"@id\":\"https:\/\/caravenue-rent.vous.lu\/#\/schema\/logo\/image\/\",\"url\":\"https:\/\/caravenue-rent.vous.lu\/wp-content\/uploads\/2017\/10\/logo.jpg\",\"contentUrl\":\"https:\/\/caravenue-rent.vous.lu\/wp-content\/uploads\/2017\/10\/logo.jpg\",\"width\":864,\"height\":409,\"caption\":\"CAR Avenue Rent Luxembourg\"},\"image\":{\"@id\":\"https:\/\/caravenue-rent.vous.lu\/#\/schema\/logo\/image\/\"},\"sameAs\":[\"https:\/\/www.facebook.com\/grouperodenbourg\/\",\"https:\/\/www.linkedin.com\/company\/18083925\/\"]}]}<\/script>\n<!-- \/ Yoast SEO plugin. -->","yoast_head_json":{"title":"CAR Avenue Rent Luxembourg - CAR Avenue - A propos","description":"Autolux bietet ein breitgef\u00e4chertes Angebot an Serviceleistungen rund um die kurzfristige Vermietung von Autos an. Unser Angebot umfasst eine gro\u00dfe Auswahl an Pkws oder Nutzfahrzeugen, die den Bed\u00fcrfnissen von Privatpersonen und auch Unternehmen f\u00fcr eine Dauer von bis zu 12 Monaten gerecht werden.","robots":{"index":"noindex","follow":"follow","max-snippet":"max-snippet:-1","max-image-preview":"max-image-preview:large","max-video-preview":"max-video-preview:-1"},"og_locale":"de_DE","og_type":"article","og_title":"CAR Avenue Rent Luxembourg - CAR Avenue - A propos","og_description":"Autolux bietet ein breitgef\u00e4chertes Angebot an Serviceleistungen rund um die kurzfristige Vermietung von Autos an. Unser Angebot umfasst eine gro\u00dfe Auswahl an Pkws oder Nutzfahrzeugen, die den Bed\u00fcrfnissen von Privatpersonen und auch Unternehmen f\u00fcr eine Dauer von bis zu 12 Monaten gerecht werden.","og_url":"https:\/\/caravenue-rent.vous.lu\/de\/apropos\/","og_site_name":"CAR Avenue RENT Luxembourg","article_publisher":"https:\/\/www.facebook.com\/grouperodenbourg\/","article_modified_time":"2025-03-18T11:02:29+00:00","twitter_card":"summary_large_image","schema":{"@context":"https:\/\/schema.org","@graph":[{"@type":"WebPage","@id":"https:\/\/caravenue-rent.vous.lu\/de\/apropos\/","url":"https:\/\/caravenue-rent.vous.lu\/de\/apropos\/","name":"CAR Avenue Rent Luxembourg - CAR Avenue - A propos","isPartOf":{"@id":"https:\/\/caravenue-rent.vous.lu\/#website"},"datePublished":"2018-01-09T13:13:47+00:00","dateModified":"2025-03-18T11:02:29+00:00","description":"Autolux bietet ein breitgef\u00e4chertes Angebot an Serviceleistungen rund um die kurzfristige Vermietung von Autos an. Unser Angebot umfasst eine gro\u00dfe Auswahl an Pkws oder Nutzfahrzeugen, die den Bed\u00fcrfnissen von Privatpersonen und auch Unternehmen f\u00fcr eine Dauer von bis zu 12 Monaten gerecht werden.","breadcrumb":{"@id":"https:\/\/caravenue-rent.vous.lu\/de\/apropos\/#breadcrumb"},"inLanguage":"de","potentialAction":[{"@type":"ReadAction","target":["https:\/\/caravenue-rent.vous.lu\/de\/apropos\/"]}]},{"@type":"BreadcrumbList","@id":"https:\/\/caravenue-rent.vous.lu\/de\/apropos\/#breadcrumb","itemListElement":[{"@type":"ListItem","position":1,"name":"Accueil","item":"https:\/\/caravenue-rent.vous.lu\/de\/"},{"@type":"ListItem","position":2,"name":"CAR Avenue RENT"}]},{"@type":"WebSite","@id":"https:\/\/caravenue-rent.vous.lu\/#website","url":"https:\/\/caravenue-rent.vous.lu\/","name":"CAR Avenue RENT Luxembourg","description":"","publisher":{"@id":"https:\/\/caravenue-rent.vous.lu\/#organization"},"potentialAction":[{"@type":"SearchAction","target":{"@type":"EntryPoint","urlTemplate":"https:\/\/caravenue-rent.vous.lu\/?s={search_term_string}"},"query-input":{"@type":"PropertyValueSpecification","valueRequired":true,"valueName":"search_term_string"}}],"inLanguage":"de"},{"@type":"Organization","@id":"https:\/\/caravenue-rent.vous.lu\/#organization","name":"CAR Avenue Rent Luxembourg","url":"https:\/\/caravenue-rent.vous.lu\/","logo":{"@type":"ImageObject","inLanguage":"de","@id":"https:\/\/caravenue-rent.vous.lu\/#\/schema\/logo\/image\/","url":"https:\/\/caravenue-rent.vous.lu\/wp-content\/uploads\/2017\/10\/logo.jpg","contentUrl":"https:\/\/caravenue-rent.vous.lu\/wp-content\/uploads\/2017\/10\/logo.jpg","width":864,"height":409,"caption":"CAR Avenue Rent Luxembourg"},"image":{"@id":"https:\/\/caravenue-rent.vous.lu\/#\/schema\/logo\/image\/"},"sameAs":["https:\/\/www.facebook.com\/grouperodenbourg\/","https:\/\/www.linkedin.com\/company\/18083925\/"]}]}},"_links":{"self":[{"href":"https:\/\/caravenue-rent.vous.lu\/de\/wp-json\/wp\/v2\/pages\/367","targetHints":{"allow":["GET"]}}],"collection":[{"href":"https:\/\/caravenue-rent.vous.lu\/de\/wp-json\/wp\/v2\/pages"}],"about":[{"href":"https:\/\/caravenue-rent.vous.lu\/de\/wp-json\/wp\/v2\/types\/page"}],"author":[{"embeddable":true,"href":"https:\/\/caravenue-rent.vous.lu\/de\/wp-json\/wp\/v2\/users\/6"}],"replies":[{"embeddable":true,"href":"https:\/\/caravenue-rent.vous.lu\/de\/wp-json\/wp\/v2\/comments?post=367"}],"version-history":[{"count":10,"href":"https:\/\/caravenue-rent.vous.lu\/de\/wp-json\/wp\/v2\/pages\/367\/revisions"}],"predecessor-version":[{"id":12019,"href":"https:\/\/caravenue-rent.vous.lu\/de\/wp-json\/wp\/v2\/pages\/367\/revisions\/12019"}],"wp:attachment":[{"href":"https:\/\/caravenue-rent.vous.lu\/de\/wp-json\/wp\/v2\/media?parent=367"}],"curies":[{"name":"wp","href":"https:\/\/api.w.org\/{rel}","templated":true}]}}