{"id":360,"date":"2018-02-20T17:16:50","date_gmt":"2018-02-20T16:16:50","guid":{"rendered":"https:\/\/caravenue-rent.vous.lu\/professionnels\/"},"modified":"2018-05-29T13:46:04","modified_gmt":"2018-05-29T11:46:04","slug":"firmenkunden","status":"publish","type":"page","link":"https:\/\/caravenue-rent.vous.lu\/de\/firmenkunden\/","title":{"rendered":"Firmenkunden"},"content":{"rendered":"","protected":false},"excerpt":{"rendered":"","protected":false},"author":6,"featured_media":0,"parent":0,"menu_order":4,"comment_status":"closed","ping_status":"closed","template":"templates\/Services.php","meta":{"_acf_changed":false,"footnotes":""},"class_list":["post-360","page","type-page","status-publish","hentry"],"acf":[],"yoast_head":"<!-- This site is optimized with the Yoast SEO plugin v26.4 - https:\/\/yoast.com\/wordpress\/plugins\/seo\/ -->\n<title>Autolux - Rodenbourg Mobility - Firmenkunden<\/title>\n<meta name=\"description\" content=\"F\u00fcr Firmenkunden bietet Autolux eine breitgef\u00e4cherte Auswahl an Nutzfahrzeugen und Pkw, die genau zu den Bed\u00fcrfnissen Ihrer Mitarbeiter und Kunden passen.\" \/>\n<meta name=\"robots\" content=\"noindex, follow, max-snippet:-1, max-image-preview:large, max-video-preview:-1\" \/>\n<meta property=\"og:locale\" content=\"de_DE\" \/>\n<meta property=\"og:type\" content=\"article\" \/>\n<meta property=\"og:title\" content=\"Autolux - Rodenbourg Mobility - Firmenkunden\" \/>\n<meta property=\"og:description\" content=\"F\u00fcr Firmenkunden bietet Autolux eine breitgef\u00e4cherte Auswahl an Nutzfahrzeugen und Pkw, die genau zu den Bed\u00fcrfnissen Ihrer Mitarbeiter und Kunden passen.\" \/>\n<meta property=\"og:url\" content=\"https:\/\/caravenue-rent.vous.lu\/professionnels\/\" \/>\n<meta property=\"og:site_name\" content=\"CAR Avenue RENT Luxembourg\" \/>\n<meta property=\"article:publisher\" content=\"https:\/\/www.facebook.com\/grouperodenbourg\/\" \/>\n<meta property=\"article:modified_time\" content=\"2018-05-29T11:46:04+00:00\" \/>\n<meta name=\"twitter:card\" content=\"summary_large_image\" \/>\n<script type=\"application\/ld+json\" class=\"yoast-schema-graph\">{\"@context\":\"https:\/\/schema.org\",\"@graph\":[{\"@type\":\"WebPage\",\"@id\":\"https:\/\/caravenue-rent.vous.lu\/professionnels\/\",\"url\":\"https:\/\/caravenue-rent.vous.lu\/professionnels\/\",\"name\":\"Autolux - Rodenbourg Mobility - Firmenkunden\",\"isPartOf\":{\"@id\":\"https:\/\/caravenue-rent.vous.lu\/#website\"},\"datePublished\":\"2018-02-20T16:16:50+00:00\",\"dateModified\":\"2018-05-29T11:46:04+00:00\",\"description\":\"F\u00fcr Firmenkunden bietet Autolux eine breitgef\u00e4cherte Auswahl an Nutzfahrzeugen und Pkw, die genau zu den Bed\u00fcrfnissen Ihrer Mitarbeiter und Kunden passen.\",\"breadcrumb\":{\"@id\":\"https:\/\/caravenue-rent.vous.lu\/professionnels\/#breadcrumb\"},\"inLanguage\":\"de\",\"potentialAction\":[{\"@type\":\"ReadAction\",\"target\":[\"https:\/\/caravenue-rent.vous.lu\/professionnels\/\"]}]},{\"@type\":\"BreadcrumbList\",\"@id\":\"https:\/\/caravenue-rent.vous.lu\/professionnels\/#breadcrumb\",\"itemListElement\":[{\"@type\":\"ListItem\",\"position\":1,\"name\":\"Accueil\",\"item\":\"https:\/\/caravenue-rent.vous.lu\/de\/\"},{\"@type\":\"ListItem\",\"position\":2,\"name\":\"Firmenkunden\"}]},{\"@type\":\"WebSite\",\"@id\":\"https:\/\/caravenue-rent.vous.lu\/#website\",\"url\":\"https:\/\/caravenue-rent.vous.lu\/\",\"name\":\"CAR Avenue RENT Luxembourg\",\"description\":\"\",\"publisher\":{\"@id\":\"https:\/\/caravenue-rent.vous.lu\/#organization\"},\"potentialAction\":[{\"@type\":\"SearchAction\",\"target\":{\"@type\":\"EntryPoint\",\"urlTemplate\":\"https:\/\/caravenue-rent.vous.lu\/?s={search_term_string}\"},\"query-input\":{\"@type\":\"PropertyValueSpecification\",\"valueRequired\":true,\"valueName\":\"search_term_string\"}}],\"inLanguage\":\"de\"},{\"@type\":\"Organization\",\"@id\":\"https:\/\/caravenue-rent.vous.lu\/#organization\",\"name\":\"CAR Avenue Rent Luxembourg\",\"url\":\"https:\/\/caravenue-rent.vous.lu\/\",\"logo\":{\"@type\":\"ImageObject\",\"inLanguage\":\"de\",\"@id\":\"https:\/\/caravenue-rent.vous.lu\/#\/schema\/logo\/image\/\",\"url\":\"https:\/\/caravenue-rent.vous.lu\/wp-content\/uploads\/2017\/10\/logo.jpg\",\"contentUrl\":\"https:\/\/caravenue-rent.vous.lu\/wp-content\/uploads\/2017\/10\/logo.jpg\",\"width\":864,\"height\":409,\"caption\":\"CAR Avenue Rent Luxembourg\"},\"image\":{\"@id\":\"https:\/\/caravenue-rent.vous.lu\/#\/schema\/logo\/image\/\"},\"sameAs\":[\"https:\/\/www.facebook.com\/grouperodenbourg\/\",\"https:\/\/www.linkedin.com\/company\/18083925\/\"]}]}<\/script>\n<!-- \/ Yoast SEO plugin. -->","yoast_head_json":{"title":"Autolux - Rodenbourg Mobility - Firmenkunden","description":"F\u00fcr Firmenkunden bietet Autolux eine breitgef\u00e4cherte Auswahl an Nutzfahrzeugen und Pkw, die genau zu den Bed\u00fcrfnissen Ihrer Mitarbeiter und Kunden passen.","robots":{"index":"noindex","follow":"follow","max-snippet":"max-snippet:-1","max-image-preview":"max-image-preview:large","max-video-preview":"max-video-preview:-1"},"og_locale":"de_DE","og_type":"article","og_title":"Autolux - Rodenbourg Mobility - Firmenkunden","og_description":"F\u00fcr Firmenkunden bietet Autolux eine breitgef\u00e4cherte Auswahl an Nutzfahrzeugen und Pkw, die genau zu den Bed\u00fcrfnissen Ihrer Mitarbeiter und Kunden passen.","og_url":"https:\/\/caravenue-rent.vous.lu\/professionnels\/","og_site_name":"CAR Avenue RENT Luxembourg","article_publisher":"https:\/\/www.facebook.com\/grouperodenbourg\/","article_modified_time":"2018-05-29T11:46:04+00:00","twitter_card":"summary_large_image","schema":{"@context":"https:\/\/schema.org","@graph":[{"@type":"WebPage","@id":"https:\/\/caravenue-rent.vous.lu\/professionnels\/","url":"https:\/\/caravenue-rent.vous.lu\/professionnels\/","name":"Autolux - Rodenbourg Mobility - Firmenkunden","isPartOf":{"@id":"https:\/\/caravenue-rent.vous.lu\/#website"},"datePublished":"2018-02-20T16:16:50+00:00","dateModified":"2018-05-29T11:46:04+00:00","description":"F\u00fcr Firmenkunden bietet Autolux eine breitgef\u00e4cherte Auswahl an Nutzfahrzeugen und Pkw, die genau zu den Bed\u00fcrfnissen Ihrer Mitarbeiter und Kunden passen.","breadcrumb":{"@id":"https:\/\/caravenue-rent.vous.lu\/professionnels\/#breadcrumb"},"inLanguage":"de","potentialAction":[{"@type":"ReadAction","target":["https:\/\/caravenue-rent.vous.lu\/professionnels\/"]}]},{"@type":"BreadcrumbList","@id":"https:\/\/caravenue-rent.vous.lu\/professionnels\/#breadcrumb","itemListElement":[{"@type":"ListItem","position":1,"name":"Accueil","item":"https:\/\/caravenue-rent.vous.lu\/de\/"},{"@type":"ListItem","position":2,"name":"Firmenkunden"}]},{"@type":"WebSite","@id":"https:\/\/caravenue-rent.vous.lu\/#website","url":"https:\/\/caravenue-rent.vous.lu\/","name":"CAR Avenue RENT Luxembourg","description":"","publisher":{"@id":"https:\/\/caravenue-rent.vous.lu\/#organization"},"potentialAction":[{"@type":"SearchAction","target":{"@type":"EntryPoint","urlTemplate":"https:\/\/caravenue-rent.vous.lu\/?s={search_term_string}"},"query-input":{"@type":"PropertyValueSpecification","valueRequired":true,"valueName":"search_term_string"}}],"inLanguage":"de"},{"@type":"Organization","@id":"https:\/\/caravenue-rent.vous.lu\/#organization","name":"CAR Avenue Rent Luxembourg","url":"https:\/\/caravenue-rent.vous.lu\/","logo":{"@type":"ImageObject","inLanguage":"de","@id":"https:\/\/caravenue-rent.vous.lu\/#\/schema\/logo\/image\/","url":"https:\/\/caravenue-rent.vous.lu\/wp-content\/uploads\/2017\/10\/logo.jpg","contentUrl":"https:\/\/caravenue-rent.vous.lu\/wp-content\/uploads\/2017\/10\/logo.jpg","width":864,"height":409,"caption":"CAR Avenue Rent Luxembourg"},"image":{"@id":"https:\/\/caravenue-rent.vous.lu\/#\/schema\/logo\/image\/"},"sameAs":["https:\/\/www.facebook.com\/grouperodenbourg\/","https:\/\/www.linkedin.com\/company\/18083925\/"]}]}},"_links":{"self":[{"href":"https:\/\/caravenue-rent.vous.lu\/de\/wp-json\/wp\/v2\/pages\/360","targetHints":{"allow":["GET"]}}],"collection":[{"href":"https:\/\/caravenue-rent.vous.lu\/de\/wp-json\/wp\/v2\/pages"}],"about":[{"href":"https:\/\/caravenue-rent.vous.lu\/de\/wp-json\/wp\/v2\/types\/page"}],"author":[{"embeddable":true,"href":"https:\/\/caravenue-rent.vous.lu\/de\/wp-json\/wp\/v2\/users\/6"}],"replies":[{"embeddable":true,"href":"https:\/\/caravenue-rent.vous.lu\/de\/wp-json\/wp\/v2\/comments?post=360"}],"version-history":[{"count":5,"href":"https:\/\/caravenue-rent.vous.lu\/de\/wp-json\/wp\/v2\/pages\/360\/revisions"}],"predecessor-version":[{"id":1454,"href":"https:\/\/caravenue-rent.vous.lu\/de\/wp-json\/wp\/v2\/pages\/360\/revisions\/1454"}],"wp:attachment":[{"href":"https:\/\/caravenue-rent.vous.lu\/de\/wp-json\/wp\/v2\/media?parent=360"}],"curies":[{"name":"wp","href":"https:\/\/api.w.org\/{rel}","templated":true}]}}