{"id":358,"date":"2018-02-20T17:18:19","date_gmt":"2018-02-20T16:18:19","guid":{"rendered":"https:\/\/caravenue-rent.vous.lu\/nos-atouts\/"},"modified":"2018-05-29T11:14:35","modified_gmt":"2018-05-29T09:14:35","slug":"unsere-starken","status":"publish","type":"page","link":"https:\/\/caravenue-rent.vous.lu\/de\/apropos\/unsere-starken\/","title":{"rendered":"Unsere St\u00e4rken"},"content":{"rendered":"<h2>Die St\u00e4rken von Autolux<\/h2>\n<h3>Ein lokales Unternehmen, dass Ihnen mehr als nur eine gro\u00dfartige<\/h3>\n<h4>FLEXIBILIT\u00c4T bietet<\/h4>\n<p>Buchen Sie ohne Anzahlung und ohne Verpflichtung.<br \/>\nStornieren ohne zus\u00e4tzliche Kosten.<\/p>\n<h4>G\u00dcNSTIGE PREISE<\/h4>\n<p>Profitieren Sie von reduzierten Pauschalpreisen, die f\u00fcr ein ganzes Jahr gelten.<br \/>\nProfitieren Sie von einem ma\u00dfgeschneiderten Angebot, f\u00fcr jedes Mobilit\u00e4tsbed\u00fcrfnis: Wochenendangebote, Urlaub, Unternehmen.<\/p>\n<h4>EINE VIELSEITIGE FLOTTE<\/h4>\n<p>Finden Sie das ideale Fahrzeug.<br \/>\nAktuelle Modelle mit Benzinmotor, Dieselmotor oder auch Elektroautos, von der kleinen Limousine bis hin zum Familienauto, mit Handschlatung oder Automatikschaltung &#8211; wir haben das Auto, das Sie brauchen.<\/p>\n<h4>DREI STANDORTE ZUM ABHOLEN<\/h4>\n<p>Sie k\u00f6nnen Ihr Fahrzeug am Standort Ihrer Wahl in Strassen, Foetz oder Esch-Sur-Alzette abholen oder abgeben.<\/p>\n<h4>EIN MASSGESCHNEIDERTER SERVICE<\/h4>\n<p>Sie werden den Umgang mit unserem Team sch\u00e4tzen, denn es ist erfahren, verl\u00e4sslich und beweist immer eine gro\u00dfe Flexibilit\u00e4t. Wir stellen uns auf Sie ein und nicht umgekehrt.<\/p>\n","protected":false},"excerpt":{"rendered":"<p>Die St\u00e4rken von Autolux Ein lokales Unternehmen, dass Ihnen mehr als nur eine gro\u00dfartige FLEXIBILIT\u00c4T bietet Buchen Sie ohne Anzahlung und ohne Verpflichtung. Stornieren ohne zus\u00e4tzliche Kosten. G\u00dcNSTIGE PREISE Profitieren Sie von reduzierten Pauschalpreisen, die f\u00fcr ein ganzes Jahr gelten. Profitieren Sie von einem ma\u00dfgeschneiderten Angebot, f\u00fcr jedes Mobilit\u00e4tsbed\u00fcrfnis: Wochenendangebote, Urlaub, Unternehmen. EINE VIELSEITIGE FLOTTE&#8230;<\/p>\n","protected":false},"author":6,"featured_media":0,"parent":367,"menu_order":1,"comment_status":"closed","ping_status":"closed","template":"","meta":{"_acf_changed":false,"footnotes":""},"class_list":["post-358","page","type-page","status-publish","hentry"],"acf":[],"yoast_head":"<!-- This site is optimized with the Yoast SEO plugin v26.4 - https:\/\/yoast.com\/wordpress\/plugins\/seo\/ -->\n<title>Autolux - Rodenbourg Mobility - Unsere St\u00e4rken<\/title>\n<meta name=\"description\" content=\"Autolux, Ihr 100 % lokales Unternehmen, bietet ein vorteilhaftes Angebot und eine gro\u00dfe Flexibilit\u00e4t, kleine Preise, eine vielseitige Flotte und drei Standorte zum Abholen.\" \/>\n<meta name=\"robots\" content=\"noindex, follow, max-snippet:-1, max-image-preview:large, max-video-preview:-1\" \/>\n<meta property=\"og:locale\" content=\"de_DE\" \/>\n<meta property=\"og:type\" content=\"article\" \/>\n<meta property=\"og:title\" content=\"Autolux - Rodenbourg Mobility - Unsere St\u00e4rken\" \/>\n<meta property=\"og:description\" content=\"Autolux, Ihr 100 % lokales Unternehmen, bietet ein vorteilhaftes Angebot und eine gro\u00dfe Flexibilit\u00e4t, kleine Preise, eine vielseitige Flotte und drei Standorte zum Abholen.\" \/>\n<meta property=\"og:url\" content=\"https:\/\/caravenue-rent.vous.lu\/a-propos\/nos-atouts\/\" \/>\n<meta property=\"og:site_name\" content=\"CAR Avenue RENT Luxembourg\" \/>\n<meta property=\"article:publisher\" content=\"https:\/\/www.facebook.com\/grouperodenbourg\/\" \/>\n<meta property=\"article:modified_time\" content=\"2018-05-29T09:14:35+00:00\" \/>\n<meta name=\"twitter:card\" content=\"summary_large_image\" \/>\n<meta name=\"twitter:label1\" content=\"Gesch\u00e4tzte Lesezeit\" \/>\n\t<meta name=\"twitter:data1\" content=\"1\u00a0Minute\" \/>\n<script type=\"application\/ld+json\" class=\"yoast-schema-graph\">{\"@context\":\"https:\/\/schema.org\",\"@graph\":[{\"@type\":\"WebPage\",\"@id\":\"https:\/\/caravenue-rent.vous.lu\/a-propos\/nos-atouts\/\",\"url\":\"https:\/\/caravenue-rent.vous.lu\/a-propos\/nos-atouts\/\",\"name\":\"Autolux - Rodenbourg Mobility - Unsere St\u00e4rken\",\"isPartOf\":{\"@id\":\"https:\/\/caravenue-rent.vous.lu\/#website\"},\"datePublished\":\"2018-02-20T16:18:19+00:00\",\"dateModified\":\"2018-05-29T09:14:35+00:00\",\"description\":\"Autolux, Ihr 100 % lokales Unternehmen, bietet ein vorteilhaftes Angebot und eine gro\u00dfe Flexibilit\u00e4t, kleine Preise, eine vielseitige Flotte und drei Standorte zum Abholen.\",\"breadcrumb\":{\"@id\":\"https:\/\/caravenue-rent.vous.lu\/a-propos\/nos-atouts\/#breadcrumb\"},\"inLanguage\":\"de\",\"potentialAction\":[{\"@type\":\"ReadAction\",\"target\":[\"https:\/\/caravenue-rent.vous.lu\/a-propos\/nos-atouts\/\"]}]},{\"@type\":\"BreadcrumbList\",\"@id\":\"https:\/\/caravenue-rent.vous.lu\/a-propos\/nos-atouts\/#breadcrumb\",\"itemListElement\":[{\"@type\":\"ListItem\",\"position\":1,\"name\":\"Accueil\",\"item\":\"https:\/\/caravenue-rent.vous.lu\/de\/\"},{\"@type\":\"ListItem\",\"position\":2,\"name\":\"CAR Avenue RENT\",\"item\":\"https:\/\/caravenue-rent.vous.lu\/de\/apropos\/\"},{\"@type\":\"ListItem\",\"position\":3,\"name\":\"Unsere St\u00e4rken\"}]},{\"@type\":\"WebSite\",\"@id\":\"https:\/\/caravenue-rent.vous.lu\/#website\",\"url\":\"https:\/\/caravenue-rent.vous.lu\/\",\"name\":\"CAR Avenue RENT Luxembourg\",\"description\":\"\",\"publisher\":{\"@id\":\"https:\/\/caravenue-rent.vous.lu\/#organization\"},\"potentialAction\":[{\"@type\":\"SearchAction\",\"target\":{\"@type\":\"EntryPoint\",\"urlTemplate\":\"https:\/\/caravenue-rent.vous.lu\/?s={search_term_string}\"},\"query-input\":{\"@type\":\"PropertyValueSpecification\",\"valueRequired\":true,\"valueName\":\"search_term_string\"}}],\"inLanguage\":\"de\"},{\"@type\":\"Organization\",\"@id\":\"https:\/\/caravenue-rent.vous.lu\/#organization\",\"name\":\"CAR Avenue Rent Luxembourg\",\"url\":\"https:\/\/caravenue-rent.vous.lu\/\",\"logo\":{\"@type\":\"ImageObject\",\"inLanguage\":\"de\",\"@id\":\"https:\/\/caravenue-rent.vous.lu\/#\/schema\/logo\/image\/\",\"url\":\"https:\/\/caravenue-rent.vous.lu\/wp-content\/uploads\/2017\/10\/logo.jpg\",\"contentUrl\":\"https:\/\/caravenue-rent.vous.lu\/wp-content\/uploads\/2017\/10\/logo.jpg\",\"width\":864,\"height\":409,\"caption\":\"CAR Avenue Rent Luxembourg\"},\"image\":{\"@id\":\"https:\/\/caravenue-rent.vous.lu\/#\/schema\/logo\/image\/\"},\"sameAs\":[\"https:\/\/www.facebook.com\/grouperodenbourg\/\",\"https:\/\/www.linkedin.com\/company\/18083925\/\"]}]}<\/script>\n<!-- \/ Yoast SEO plugin. -->","yoast_head_json":{"title":"Autolux - Rodenbourg Mobility - Unsere St\u00e4rken","description":"Autolux, Ihr 100 % lokales Unternehmen, bietet ein vorteilhaftes Angebot und eine gro\u00dfe Flexibilit\u00e4t, kleine Preise, eine vielseitige Flotte und drei Standorte zum Abholen.","robots":{"index":"noindex","follow":"follow","max-snippet":"max-snippet:-1","max-image-preview":"max-image-preview:large","max-video-preview":"max-video-preview:-1"},"og_locale":"de_DE","og_type":"article","og_title":"Autolux - Rodenbourg Mobility - Unsere St\u00e4rken","og_description":"Autolux, Ihr 100 % lokales Unternehmen, bietet ein vorteilhaftes Angebot und eine gro\u00dfe Flexibilit\u00e4t, kleine Preise, eine vielseitige Flotte und drei Standorte zum Abholen.","og_url":"https:\/\/caravenue-rent.vous.lu\/a-propos\/nos-atouts\/","og_site_name":"CAR Avenue RENT Luxembourg","article_publisher":"https:\/\/www.facebook.com\/grouperodenbourg\/","article_modified_time":"2018-05-29T09:14:35+00:00","twitter_card":"summary_large_image","twitter_misc":{"Gesch\u00e4tzte Lesezeit":"1\u00a0Minute"},"schema":{"@context":"https:\/\/schema.org","@graph":[{"@type":"WebPage","@id":"https:\/\/caravenue-rent.vous.lu\/a-propos\/nos-atouts\/","url":"https:\/\/caravenue-rent.vous.lu\/a-propos\/nos-atouts\/","name":"Autolux - Rodenbourg Mobility - Unsere St\u00e4rken","isPartOf":{"@id":"https:\/\/caravenue-rent.vous.lu\/#website"},"datePublished":"2018-02-20T16:18:19+00:00","dateModified":"2018-05-29T09:14:35+00:00","description":"Autolux, Ihr 100 % lokales Unternehmen, bietet ein vorteilhaftes Angebot und eine gro\u00dfe Flexibilit\u00e4t, kleine Preise, eine vielseitige Flotte und drei Standorte zum Abholen.","breadcrumb":{"@id":"https:\/\/caravenue-rent.vous.lu\/a-propos\/nos-atouts\/#breadcrumb"},"inLanguage":"de","potentialAction":[{"@type":"ReadAction","target":["https:\/\/caravenue-rent.vous.lu\/a-propos\/nos-atouts\/"]}]},{"@type":"BreadcrumbList","@id":"https:\/\/caravenue-rent.vous.lu\/a-propos\/nos-atouts\/#breadcrumb","itemListElement":[{"@type":"ListItem","position":1,"name":"Accueil","item":"https:\/\/caravenue-rent.vous.lu\/de\/"},{"@type":"ListItem","position":2,"name":"CAR Avenue RENT","item":"https:\/\/caravenue-rent.vous.lu\/de\/apropos\/"},{"@type":"ListItem","position":3,"name":"Unsere St\u00e4rken"}]},{"@type":"WebSite","@id":"https:\/\/caravenue-rent.vous.lu\/#website","url":"https:\/\/caravenue-rent.vous.lu\/","name":"CAR Avenue RENT Luxembourg","description":"","publisher":{"@id":"https:\/\/caravenue-rent.vous.lu\/#organization"},"potentialAction":[{"@type":"SearchAction","target":{"@type":"EntryPoint","urlTemplate":"https:\/\/caravenue-rent.vous.lu\/?s={search_term_string}"},"query-input":{"@type":"PropertyValueSpecification","valueRequired":true,"valueName":"search_term_string"}}],"inLanguage":"de"},{"@type":"Organization","@id":"https:\/\/caravenue-rent.vous.lu\/#organization","name":"CAR Avenue Rent Luxembourg","url":"https:\/\/caravenue-rent.vous.lu\/","logo":{"@type":"ImageObject","inLanguage":"de","@id":"https:\/\/caravenue-rent.vous.lu\/#\/schema\/logo\/image\/","url":"https:\/\/caravenue-rent.vous.lu\/wp-content\/uploads\/2017\/10\/logo.jpg","contentUrl":"https:\/\/caravenue-rent.vous.lu\/wp-content\/uploads\/2017\/10\/logo.jpg","width":864,"height":409,"caption":"CAR Avenue Rent Luxembourg"},"image":{"@id":"https:\/\/caravenue-rent.vous.lu\/#\/schema\/logo\/image\/"},"sameAs":["https:\/\/www.facebook.com\/grouperodenbourg\/","https:\/\/www.linkedin.com\/company\/18083925\/"]}]}},"_links":{"self":[{"href":"https:\/\/caravenue-rent.vous.lu\/de\/wp-json\/wp\/v2\/pages\/358","targetHints":{"allow":["GET"]}}],"collection":[{"href":"https:\/\/caravenue-rent.vous.lu\/de\/wp-json\/wp\/v2\/pages"}],"about":[{"href":"https:\/\/caravenue-rent.vous.lu\/de\/wp-json\/wp\/v2\/types\/page"}],"author":[{"embeddable":true,"href":"https:\/\/caravenue-rent.vous.lu\/de\/wp-json\/wp\/v2\/users\/6"}],"replies":[{"embeddable":true,"href":"https:\/\/caravenue-rent.vous.lu\/de\/wp-json\/wp\/v2\/comments?post=358"}],"version-history":[{"count":4,"href":"https:\/\/caravenue-rent.vous.lu\/de\/wp-json\/wp\/v2\/pages\/358\/revisions"}],"predecessor-version":[{"id":1263,"href":"https:\/\/caravenue-rent.vous.lu\/de\/wp-json\/wp\/v2\/pages\/358\/revisions\/1263"}],"up":[{"embeddable":true,"href":"https:\/\/caravenue-rent.vous.lu\/de\/wp-json\/wp\/v2\/pages\/367"}],"wp:attachment":[{"href":"https:\/\/caravenue-rent.vous.lu\/de\/wp-json\/wp\/v2\/media?parent=358"}],"curies":[{"name":"wp","href":"https:\/\/api.w.org\/{rel}","templated":true}]}}