{"id":353,"date":"2018-02-20T17:19:05","date_gmt":"2018-02-20T16:19:05","guid":{"rendered":"https:\/\/caravenue-rent.vous.lu\/nos-options\/"},"modified":"2018-08-27T12:32:15","modified_gmt":"2018-08-27T10:32:15","slug":"unsere-optionen","status":"publish","type":"page","link":"https:\/\/caravenue-rent.vous.lu\/de\/autovermietung\/unsere-optionen\/","title":{"rendered":"Unsere Optionen"},"content":{"rendered":"<h2>Fahren Sie ganz entspannt mit Ihrem Mietauto<\/h2>\n<h3>Eine ganze Auswahl an Dienstleistungen und zus\u00e4tzlichen Optionen garantiert eine sichere Reise<\/h3>\n<p>Um Ihnen mehr Entspannung und Fahrkomfort w\u00e4hrend der Mietzeit Ihres umweltfreundlichen Fahrzeugs, Ihres Nutzfahrzeugs oder Pkws zu bieten, bietet Autolux eine Auswahl an Dienstleistungen und Zusatzoptionen an.<\/p>\n<h4>Welche Optionen stehen beim Mieten eines Autos von Autolux zur Verf\u00fcgung?<\/h4>\n<p>Sie k\u00f6nnen <strong>Ausstattungsoptionen<\/strong> f\u00fcr Ihren Mietwagen w\u00e4hlen:<\/p>\n<ul>\n<li><strong>Sonderausstattung:<\/strong> unsere Mietwagen sind mit Winterreifen oder Allradreifen (M+S) in der ganzen Wintersaison, vom 1. Oktober bis 31. M\u00e4rz, ausgestattet. Die Kosten f\u00fcr diese Option werden in Abh\u00e4ngigkeit der Fahrzeugkategorie berechnet.<\/li>\n<li><strong>Automatikgetriebe<\/strong>: auf einfache Anfrage Ihrerseits k\u00f6nnen wir Ihnen auch eine Auswahl an Fahrzeugen mit Automatikgetriebe anbieten. Die Kosten f\u00fcr diese Option werden in Abh\u00e4ngigkeit der Fahrzeugkategorie berechnet.<\/li>\n<\/ul>\n<p>Autolux bietet dar\u00fcber hinaus auch zahlreiche Dienstleistungen, die als Option w\u00e4hrend der gesamten Mietzeit des Fahrzeugs zur Verf\u00fcgung stehen:<\/p>\n<ul>\n<li><strong>Die Benennung eines zus\u00e4tzlichen Fahrers<\/strong>: Sie haben die M\u00f6glichkeit einen zweiten Fahrer im Mietvertrag festzuhalten, so genie\u00dft auch dieser Versicherungsschutz, wenn er am Steuer sitzt.<\/li>\n<li><strong>\u00dcbernahme der Selbstbeteiligung von uns<\/strong>: f\u00fcr den Rundumschutz haben Sie die M\u00f6glichkeit der \u00dcbernahme der Selbstbeteiligung f\u00fcr alle Sch\u00e4den, die am gemieteten Fahrzeug auftreten k\u00f6nnen. Stellen Sie sicher, dass Sie keine Selbstbeteiligung bei einem selbstverschuldetem Unfall, Glasbruch oder Diebstahl bezahlen m\u00fcssen.<\/li>\n<li><strong>Reiseversicherung:\u00a0Sorgen Sie f\u00fcr eine Versicherung 24\/24 Stunden und 7\/7 Tage<\/strong>. Diese deckt die R\u00fcckf\u00fchrung des Fahrzeugs und der Passagiere im Fall von Unf\u00e4llen oder einer Panne, die bei Ihrer Reise vorkommen k\u00f6nnten ab (fragen Sie uns, um die Vertragbedingungen kennenzulernen).<\/li>\n<li><strong>Lieferung und Abholung vor Ort:<\/strong> Keine Zeit, um Ihren Mietwagen abzuholen und zur\u00fcckzugeben? Nutzen Sie die Lieferm\u00f6glichkeit und Abholung Ihres Fahrzeugs. Fragen Sie die Bedingungen mit unseren Beratern.<\/li>\n<\/ul>\n<p>Wenn Sie weitere Informationen \u00fcber die Kosten f\u00fcr unsere Optionen ben\u00f6tigen, schauen Sie in unsere Preisbrosch\u00fcre oder rufen Sie uns an unter (+352) 22 11 81 26.<\/p>\n","protected":false},"excerpt":{"rendered":"<p>Fahren Sie ganz entspannt mit Ihrem Mietauto Eine ganze Auswahl an Dienstleistungen und zus\u00e4tzlichen Optionen garantiert eine sichere Reise Um Ihnen mehr Entspannung und Fahrkomfort w\u00e4hrend der Mietzeit Ihres umweltfreundlichen Fahrzeugs, Ihres Nutzfahrzeugs oder Pkws zu bieten, bietet Autolux eine Auswahl an Dienstleistungen und Zusatzoptionen an. Welche Optionen stehen beim Mieten eines Autos von Autolux&#8230;<\/p>\n","protected":false},"author":6,"featured_media":0,"parent":363,"menu_order":4,"comment_status":"closed","ping_status":"closed","template":"","meta":{"_acf_changed":false,"footnotes":""},"class_list":["post-353","page","type-page","status-publish","hentry"],"acf":[],"yoast_head":"<!-- This site is optimized with the Yoast SEO plugin v26.4 - https:\/\/yoast.com\/wordpress\/plugins\/seo\/ -->\n<title>Welche Optionen stehen beim Mieten eines Autos zur Verf\u00fcgung?<\/title>\n<meta name=\"description\" content=\"Wir bieten ein breitgef\u00e4chertes Angebot an Dienstleistungen und Zusatzoptionen f\u00fcr mehr Gelassenheit mit Ihrem Miet-Pkw, Nutzfahrzeug oder umweltfreundlichem Fahrzeug in Luxemburg.\" \/>\n<meta name=\"robots\" content=\"noindex, follow, max-snippet:-1, max-image-preview:large, max-video-preview:-1\" \/>\n<meta property=\"og:locale\" content=\"de_DE\" \/>\n<meta property=\"og:type\" content=\"article\" \/>\n<meta property=\"og:title\" content=\"Welche Optionen stehen beim Mieten eines Autos zur Verf\u00fcgung?\" \/>\n<meta property=\"og:description\" content=\"Wir bieten ein breitgef\u00e4chertes Angebot an Dienstleistungen und Zusatzoptionen f\u00fcr mehr Gelassenheit mit Ihrem Miet-Pkw, Nutzfahrzeug oder umweltfreundlichem Fahrzeug in Luxemburg.\" \/>\n<meta property=\"og:url\" content=\"https:\/\/caravenue-rent.vous.lu\/location-de-vehicules\/nos-options\/\" \/>\n<meta property=\"og:site_name\" content=\"CAR Avenue RENT Luxembourg\" \/>\n<meta property=\"article:publisher\" content=\"https:\/\/www.facebook.com\/grouperodenbourg\/\" \/>\n<meta property=\"article:modified_time\" content=\"2018-08-27T10:32:15+00:00\" \/>\n<meta name=\"twitter:card\" content=\"summary_large_image\" \/>\n<meta name=\"twitter:label1\" content=\"Gesch\u00e4tzte Lesezeit\" \/>\n\t<meta name=\"twitter:data1\" content=\"2\u00a0Minuten\" \/>\n<script type=\"application\/ld+json\" class=\"yoast-schema-graph\">{\"@context\":\"https:\/\/schema.org\",\"@graph\":[{\"@type\":\"WebPage\",\"@id\":\"https:\/\/caravenue-rent.vous.lu\/location-de-vehicules\/nos-options\/\",\"url\":\"https:\/\/caravenue-rent.vous.lu\/location-de-vehicules\/nos-options\/\",\"name\":\"Welche Optionen stehen beim Mieten eines Autos zur Verf\u00fcgung?\",\"isPartOf\":{\"@id\":\"https:\/\/caravenue-rent.vous.lu\/#website\"},\"datePublished\":\"2018-02-20T16:19:05+00:00\",\"dateModified\":\"2018-08-27T10:32:15+00:00\",\"description\":\"Wir bieten ein breitgef\u00e4chertes Angebot an Dienstleistungen und Zusatzoptionen f\u00fcr mehr Gelassenheit mit Ihrem Miet-Pkw, Nutzfahrzeug oder umweltfreundlichem Fahrzeug in Luxemburg.\",\"breadcrumb\":{\"@id\":\"https:\/\/caravenue-rent.vous.lu\/location-de-vehicules\/nos-options\/#breadcrumb\"},\"inLanguage\":\"de\",\"potentialAction\":[{\"@type\":\"ReadAction\",\"target\":[\"https:\/\/caravenue-rent.vous.lu\/location-de-vehicules\/nos-options\/\"]}]},{\"@type\":\"BreadcrumbList\",\"@id\":\"https:\/\/caravenue-rent.vous.lu\/location-de-vehicules\/nos-options\/#breadcrumb\",\"itemListElement\":[{\"@type\":\"ListItem\",\"position\":1,\"name\":\"Accueil\",\"item\":\"https:\/\/caravenue-rent.vous.lu\/de\/\"},{\"@type\":\"ListItem\",\"position\":2,\"name\":\"Autovermietung\",\"item\":\"https:\/\/caravenue-rent.vous.lu\/location-de-vehicules\/\"},{\"@type\":\"ListItem\",\"position\":3,\"name\":\"Unsere Optionen\"}]},{\"@type\":\"WebSite\",\"@id\":\"https:\/\/caravenue-rent.vous.lu\/#website\",\"url\":\"https:\/\/caravenue-rent.vous.lu\/\",\"name\":\"CAR Avenue RENT Luxembourg\",\"description\":\"\",\"publisher\":{\"@id\":\"https:\/\/caravenue-rent.vous.lu\/#organization\"},\"potentialAction\":[{\"@type\":\"SearchAction\",\"target\":{\"@type\":\"EntryPoint\",\"urlTemplate\":\"https:\/\/caravenue-rent.vous.lu\/?s={search_term_string}\"},\"query-input\":{\"@type\":\"PropertyValueSpecification\",\"valueRequired\":true,\"valueName\":\"search_term_string\"}}],\"inLanguage\":\"de\"},{\"@type\":\"Organization\",\"@id\":\"https:\/\/caravenue-rent.vous.lu\/#organization\",\"name\":\"CAR Avenue Rent Luxembourg\",\"url\":\"https:\/\/caravenue-rent.vous.lu\/\",\"logo\":{\"@type\":\"ImageObject\",\"inLanguage\":\"de\",\"@id\":\"https:\/\/caravenue-rent.vous.lu\/#\/schema\/logo\/image\/\",\"url\":\"https:\/\/caravenue-rent.vous.lu\/wp-content\/uploads\/2017\/10\/logo.jpg\",\"contentUrl\":\"https:\/\/caravenue-rent.vous.lu\/wp-content\/uploads\/2017\/10\/logo.jpg\",\"width\":864,\"height\":409,\"caption\":\"CAR Avenue Rent Luxembourg\"},\"image\":{\"@id\":\"https:\/\/caravenue-rent.vous.lu\/#\/schema\/logo\/image\/\"},\"sameAs\":[\"https:\/\/www.facebook.com\/grouperodenbourg\/\",\"https:\/\/www.linkedin.com\/company\/18083925\/\"]}]}<\/script>\n<!-- \/ Yoast SEO plugin. -->","yoast_head_json":{"title":"Welche Optionen stehen beim Mieten eines Autos zur Verf\u00fcgung?","description":"Wir bieten ein breitgef\u00e4chertes Angebot an Dienstleistungen und Zusatzoptionen f\u00fcr mehr Gelassenheit mit Ihrem Miet-Pkw, Nutzfahrzeug oder umweltfreundlichem Fahrzeug in Luxemburg.","robots":{"index":"noindex","follow":"follow","max-snippet":"max-snippet:-1","max-image-preview":"max-image-preview:large","max-video-preview":"max-video-preview:-1"},"og_locale":"de_DE","og_type":"article","og_title":"Welche Optionen stehen beim Mieten eines Autos zur Verf\u00fcgung?","og_description":"Wir bieten ein breitgef\u00e4chertes Angebot an Dienstleistungen und Zusatzoptionen f\u00fcr mehr Gelassenheit mit Ihrem Miet-Pkw, Nutzfahrzeug oder umweltfreundlichem Fahrzeug in Luxemburg.","og_url":"https:\/\/caravenue-rent.vous.lu\/location-de-vehicules\/nos-options\/","og_site_name":"CAR Avenue RENT Luxembourg","article_publisher":"https:\/\/www.facebook.com\/grouperodenbourg\/","article_modified_time":"2018-08-27T10:32:15+00:00","twitter_card":"summary_large_image","twitter_misc":{"Gesch\u00e4tzte Lesezeit":"2\u00a0Minuten"},"schema":{"@context":"https:\/\/schema.org","@graph":[{"@type":"WebPage","@id":"https:\/\/caravenue-rent.vous.lu\/location-de-vehicules\/nos-options\/","url":"https:\/\/caravenue-rent.vous.lu\/location-de-vehicules\/nos-options\/","name":"Welche Optionen stehen beim Mieten eines Autos zur Verf\u00fcgung?","isPartOf":{"@id":"https:\/\/caravenue-rent.vous.lu\/#website"},"datePublished":"2018-02-20T16:19:05+00:00","dateModified":"2018-08-27T10:32:15+00:00","description":"Wir bieten ein breitgef\u00e4chertes Angebot an Dienstleistungen und Zusatzoptionen f\u00fcr mehr Gelassenheit mit Ihrem Miet-Pkw, Nutzfahrzeug oder umweltfreundlichem Fahrzeug in Luxemburg.","breadcrumb":{"@id":"https:\/\/caravenue-rent.vous.lu\/location-de-vehicules\/nos-options\/#breadcrumb"},"inLanguage":"de","potentialAction":[{"@type":"ReadAction","target":["https:\/\/caravenue-rent.vous.lu\/location-de-vehicules\/nos-options\/"]}]},{"@type":"BreadcrumbList","@id":"https:\/\/caravenue-rent.vous.lu\/location-de-vehicules\/nos-options\/#breadcrumb","itemListElement":[{"@type":"ListItem","position":1,"name":"Accueil","item":"https:\/\/caravenue-rent.vous.lu\/de\/"},{"@type":"ListItem","position":2,"name":"Autovermietung","item":"https:\/\/caravenue-rent.vous.lu\/location-de-vehicules\/"},{"@type":"ListItem","position":3,"name":"Unsere Optionen"}]},{"@type":"WebSite","@id":"https:\/\/caravenue-rent.vous.lu\/#website","url":"https:\/\/caravenue-rent.vous.lu\/","name":"CAR Avenue RENT Luxembourg","description":"","publisher":{"@id":"https:\/\/caravenue-rent.vous.lu\/#organization"},"potentialAction":[{"@type":"SearchAction","target":{"@type":"EntryPoint","urlTemplate":"https:\/\/caravenue-rent.vous.lu\/?s={search_term_string}"},"query-input":{"@type":"PropertyValueSpecification","valueRequired":true,"valueName":"search_term_string"}}],"inLanguage":"de"},{"@type":"Organization","@id":"https:\/\/caravenue-rent.vous.lu\/#organization","name":"CAR Avenue Rent Luxembourg","url":"https:\/\/caravenue-rent.vous.lu\/","logo":{"@type":"ImageObject","inLanguage":"de","@id":"https:\/\/caravenue-rent.vous.lu\/#\/schema\/logo\/image\/","url":"https:\/\/caravenue-rent.vous.lu\/wp-content\/uploads\/2017\/10\/logo.jpg","contentUrl":"https:\/\/caravenue-rent.vous.lu\/wp-content\/uploads\/2017\/10\/logo.jpg","width":864,"height":409,"caption":"CAR Avenue Rent Luxembourg"},"image":{"@id":"https:\/\/caravenue-rent.vous.lu\/#\/schema\/logo\/image\/"},"sameAs":["https:\/\/www.facebook.com\/grouperodenbourg\/","https:\/\/www.linkedin.com\/company\/18083925\/"]}]}},"_links":{"self":[{"href":"https:\/\/caravenue-rent.vous.lu\/de\/wp-json\/wp\/v2\/pages\/353","targetHints":{"allow":["GET"]}}],"collection":[{"href":"https:\/\/caravenue-rent.vous.lu\/de\/wp-json\/wp\/v2\/pages"}],"about":[{"href":"https:\/\/caravenue-rent.vous.lu\/de\/wp-json\/wp\/v2\/types\/page"}],"author":[{"embeddable":true,"href":"https:\/\/caravenue-rent.vous.lu\/de\/wp-json\/wp\/v2\/users\/6"}],"replies":[{"embeddable":true,"href":"https:\/\/caravenue-rent.vous.lu\/de\/wp-json\/wp\/v2\/comments?post=353"}],"version-history":[{"count":6,"href":"https:\/\/caravenue-rent.vous.lu\/de\/wp-json\/wp\/v2\/pages\/353\/revisions"}],"predecessor-version":[{"id":1749,"href":"https:\/\/caravenue-rent.vous.lu\/de\/wp-json\/wp\/v2\/pages\/353\/revisions\/1749"}],"up":[{"embeddable":true,"href":"https:\/\/caravenue-rent.vous.lu\/de\/wp-json\/wp\/v2\/pages\/363"}],"wp:attachment":[{"href":"https:\/\/caravenue-rent.vous.lu\/de\/wp-json\/wp\/v2\/media?parent=353"}],"curies":[{"name":"wp","href":"https:\/\/api.w.org\/{rel}","templated":true}]}}