{"id":351,"date":"2018-02-20T17:19:31","date_gmt":"2018-02-20T16:19:31","guid":{"rendered":"https:\/\/caravenue-rent.vous.lu\/utilitaires\/"},"modified":"2018-05-29T12:23:30","modified_gmt":"2018-05-29T10:23:30","slug":"nutzfahrzeuge","status":"publish","type":"page","link":"https:\/\/caravenue-rent.vous.lu\/de\/firmenkunden\/nutzfahrzeuge\/","title":{"rendered":"Nutzfahrzeuge"},"content":{"rendered":"<h2>Mieten Sie Nutzfahrzeuge, die zu Ihrer gewerblichen T\u00e4tigkeit passen<\/h2>\n<h3>Handwerker, Baufachleute, Lieferanten&#8230;<br \/>\nBaustellen, Umz\u00fcge&#8230;<\/h3>\n<p>Vom kleinen Nutzfahrzeug bis hin zu Fahrzeugen mit \u00fcber 20 m3 bietet Autolux ein Angebot an geeigneten Nutzfahrzeugen f\u00fcr die anspruchvollsten Profis.<\/p>\n<p>Unsere Nutzfahrzeuge sind extra f\u00fcr den allt\u00e4glichen Einsatz von Profis entworfen und passen sich an Ihre unterschiedlichen Anspr\u00fcche an:<\/p>\n<ul>\n<li>Seitliche Schiebet\u00fcren, um leichter ins Innere des Fahrzeugs zu gelangen, sogar bei beengtem Raum.<br \/>\nEin Innenraum, der sinnvoll entworfen wurde, um den Stauraum auch f\u00fcr das sperrigste Material zu optimieren.<\/li>\n<li>Ein Fahrkomfort, der Ihre beruflichen Fahrten immer angenehmer macht.<\/li>\n<li>Handwerker und Baufachleute k\u00f6nnen von einem Sondertarif f\u00fcr Unternehmen profitieren.<\/li>\n<\/ul>\n<p>Treten Sie mit uns in Kontakt, um mehr Informationen zu erhalten und bitten Sie um ein pers\u00f6nliches Angebot entsprechend Ihrer Bed\u00fcrfnisse.<\/p>\n","protected":false},"excerpt":{"rendered":"<p>Mieten Sie Nutzfahrzeuge, die zu Ihrer gewerblichen T\u00e4tigkeit passen Handwerker, Baufachleute, Lieferanten&#8230; Baustellen, Umz\u00fcge&#8230; Vom kleinen Nutzfahrzeug bis hin zu Fahrzeugen mit \u00fcber 20 m3 bietet Autolux ein Angebot an geeigneten Nutzfahrzeugen f\u00fcr die anspruchvollsten Profis. Unsere Nutzfahrzeuge sind extra f\u00fcr den allt\u00e4glichen Einsatz von Profis entworfen und passen sich an Ihre unterschiedlichen Anspr\u00fcche an:&#8230;<\/p>\n","protected":false},"author":6,"featured_media":0,"parent":360,"menu_order":1,"comment_status":"closed","ping_status":"closed","template":"","meta":{"_acf_changed":false,"footnotes":""},"class_list":["post-351","page","type-page","status-publish","hentry"],"acf":[],"yoast_head":"<!-- This site is optimized with the Yoast SEO plugin v26.4 - https:\/\/yoast.com\/wordpress\/plugins\/seo\/ -->\n<title>Autolux - Rodenbourg Mobility - Nutzfahrzeuge<\/title>\n<meta name=\"description\" content=\"Mieten Sie Nutzfahrzeuge, die zu Ihrer gewerblichen T\u00e4tigkeit passen. Autolux bietet Ihnen eine breitgef\u00e4cherte Auswahl an Nutzfahrzeugen, die die anspruchvollsten\" \/>\n<meta name=\"robots\" content=\"noindex, follow, max-snippet:-1, max-image-preview:large, max-video-preview:-1\" \/>\n<meta property=\"og:locale\" content=\"de_DE\" \/>\n<meta property=\"og:type\" content=\"article\" \/>\n<meta property=\"og:title\" content=\"Autolux - Rodenbourg Mobility - Nutzfahrzeuge\" \/>\n<meta property=\"og:description\" content=\"Mieten Sie Nutzfahrzeuge, die zu Ihrer gewerblichen T\u00e4tigkeit passen. Autolux bietet Ihnen eine breitgef\u00e4cherte Auswahl an Nutzfahrzeugen, die die anspruchvollsten\" \/>\n<meta property=\"og:url\" content=\"https:\/\/caravenue-rent.vous.lu\/professionnels\/utilitaires\/\" \/>\n<meta property=\"og:site_name\" content=\"CAR Avenue RENT Luxembourg\" \/>\n<meta property=\"article:publisher\" content=\"https:\/\/www.facebook.com\/grouperodenbourg\/\" \/>\n<meta property=\"article:modified_time\" content=\"2018-05-29T10:23:30+00:00\" \/>\n<meta name=\"twitter:card\" content=\"summary_large_image\" \/>\n<meta name=\"twitter:label1\" content=\"Gesch\u00e4tzte Lesezeit\" \/>\n\t<meta name=\"twitter:data1\" content=\"1\u00a0Minute\" \/>\n<script type=\"application\/ld+json\" class=\"yoast-schema-graph\">{\"@context\":\"https:\/\/schema.org\",\"@graph\":[{\"@type\":\"WebPage\",\"@id\":\"https:\/\/caravenue-rent.vous.lu\/professionnels\/utilitaires\/\",\"url\":\"https:\/\/caravenue-rent.vous.lu\/professionnels\/utilitaires\/\",\"name\":\"Autolux - Rodenbourg Mobility - Nutzfahrzeuge\",\"isPartOf\":{\"@id\":\"https:\/\/caravenue-rent.vous.lu\/#website\"},\"datePublished\":\"2018-02-20T16:19:31+00:00\",\"dateModified\":\"2018-05-29T10:23:30+00:00\",\"description\":\"Mieten Sie Nutzfahrzeuge, die zu Ihrer gewerblichen T\u00e4tigkeit passen. Autolux bietet Ihnen eine breitgef\u00e4cherte Auswahl an Nutzfahrzeugen, die die anspruchvollsten\",\"breadcrumb\":{\"@id\":\"https:\/\/caravenue-rent.vous.lu\/professionnels\/utilitaires\/#breadcrumb\"},\"inLanguage\":\"de\",\"potentialAction\":[{\"@type\":\"ReadAction\",\"target\":[\"https:\/\/caravenue-rent.vous.lu\/professionnels\/utilitaires\/\"]}]},{\"@type\":\"BreadcrumbList\",\"@id\":\"https:\/\/caravenue-rent.vous.lu\/professionnels\/utilitaires\/#breadcrumb\",\"itemListElement\":[{\"@type\":\"ListItem\",\"position\":1,\"name\":\"Accueil\",\"item\":\"https:\/\/caravenue-rent.vous.lu\/de\/\"},{\"@type\":\"ListItem\",\"position\":2,\"name\":\"Firmenkunden\",\"item\":\"https:\/\/caravenue-rent.vous.lu\/professionnels\/\"},{\"@type\":\"ListItem\",\"position\":3,\"name\":\"Nutzfahrzeuge\"}]},{\"@type\":\"WebSite\",\"@id\":\"https:\/\/caravenue-rent.vous.lu\/#website\",\"url\":\"https:\/\/caravenue-rent.vous.lu\/\",\"name\":\"CAR Avenue RENT Luxembourg\",\"description\":\"\",\"publisher\":{\"@id\":\"https:\/\/caravenue-rent.vous.lu\/#organization\"},\"potentialAction\":[{\"@type\":\"SearchAction\",\"target\":{\"@type\":\"EntryPoint\",\"urlTemplate\":\"https:\/\/caravenue-rent.vous.lu\/?s={search_term_string}\"},\"query-input\":{\"@type\":\"PropertyValueSpecification\",\"valueRequired\":true,\"valueName\":\"search_term_string\"}}],\"inLanguage\":\"de\"},{\"@type\":\"Organization\",\"@id\":\"https:\/\/caravenue-rent.vous.lu\/#organization\",\"name\":\"CAR Avenue Rent Luxembourg\",\"url\":\"https:\/\/caravenue-rent.vous.lu\/\",\"logo\":{\"@type\":\"ImageObject\",\"inLanguage\":\"de\",\"@id\":\"https:\/\/caravenue-rent.vous.lu\/#\/schema\/logo\/image\/\",\"url\":\"https:\/\/caravenue-rent.vous.lu\/wp-content\/uploads\/2017\/10\/logo.jpg\",\"contentUrl\":\"https:\/\/caravenue-rent.vous.lu\/wp-content\/uploads\/2017\/10\/logo.jpg\",\"width\":864,\"height\":409,\"caption\":\"CAR Avenue Rent Luxembourg\"},\"image\":{\"@id\":\"https:\/\/caravenue-rent.vous.lu\/#\/schema\/logo\/image\/\"},\"sameAs\":[\"https:\/\/www.facebook.com\/grouperodenbourg\/\",\"https:\/\/www.linkedin.com\/company\/18083925\/\"]}]}<\/script>\n<!-- \/ Yoast SEO plugin. -->","yoast_head_json":{"title":"Autolux - Rodenbourg Mobility - Nutzfahrzeuge","description":"Mieten Sie Nutzfahrzeuge, die zu Ihrer gewerblichen T\u00e4tigkeit passen. Autolux bietet Ihnen eine breitgef\u00e4cherte Auswahl an Nutzfahrzeugen, die die anspruchvollsten","robots":{"index":"noindex","follow":"follow","max-snippet":"max-snippet:-1","max-image-preview":"max-image-preview:large","max-video-preview":"max-video-preview:-1"},"og_locale":"de_DE","og_type":"article","og_title":"Autolux - Rodenbourg Mobility - Nutzfahrzeuge","og_description":"Mieten Sie Nutzfahrzeuge, die zu Ihrer gewerblichen T\u00e4tigkeit passen. Autolux bietet Ihnen eine breitgef\u00e4cherte Auswahl an Nutzfahrzeugen, die die anspruchvollsten","og_url":"https:\/\/caravenue-rent.vous.lu\/professionnels\/utilitaires\/","og_site_name":"CAR Avenue RENT Luxembourg","article_publisher":"https:\/\/www.facebook.com\/grouperodenbourg\/","article_modified_time":"2018-05-29T10:23:30+00:00","twitter_card":"summary_large_image","twitter_misc":{"Gesch\u00e4tzte Lesezeit":"1\u00a0Minute"},"schema":{"@context":"https:\/\/schema.org","@graph":[{"@type":"WebPage","@id":"https:\/\/caravenue-rent.vous.lu\/professionnels\/utilitaires\/","url":"https:\/\/caravenue-rent.vous.lu\/professionnels\/utilitaires\/","name":"Autolux - Rodenbourg Mobility - Nutzfahrzeuge","isPartOf":{"@id":"https:\/\/caravenue-rent.vous.lu\/#website"},"datePublished":"2018-02-20T16:19:31+00:00","dateModified":"2018-05-29T10:23:30+00:00","description":"Mieten Sie Nutzfahrzeuge, die zu Ihrer gewerblichen T\u00e4tigkeit passen. Autolux bietet Ihnen eine breitgef\u00e4cherte Auswahl an Nutzfahrzeugen, die die anspruchvollsten","breadcrumb":{"@id":"https:\/\/caravenue-rent.vous.lu\/professionnels\/utilitaires\/#breadcrumb"},"inLanguage":"de","potentialAction":[{"@type":"ReadAction","target":["https:\/\/caravenue-rent.vous.lu\/professionnels\/utilitaires\/"]}]},{"@type":"BreadcrumbList","@id":"https:\/\/caravenue-rent.vous.lu\/professionnels\/utilitaires\/#breadcrumb","itemListElement":[{"@type":"ListItem","position":1,"name":"Accueil","item":"https:\/\/caravenue-rent.vous.lu\/de\/"},{"@type":"ListItem","position":2,"name":"Firmenkunden","item":"https:\/\/caravenue-rent.vous.lu\/professionnels\/"},{"@type":"ListItem","position":3,"name":"Nutzfahrzeuge"}]},{"@type":"WebSite","@id":"https:\/\/caravenue-rent.vous.lu\/#website","url":"https:\/\/caravenue-rent.vous.lu\/","name":"CAR Avenue RENT Luxembourg","description":"","publisher":{"@id":"https:\/\/caravenue-rent.vous.lu\/#organization"},"potentialAction":[{"@type":"SearchAction","target":{"@type":"EntryPoint","urlTemplate":"https:\/\/caravenue-rent.vous.lu\/?s={search_term_string}"},"query-input":{"@type":"PropertyValueSpecification","valueRequired":true,"valueName":"search_term_string"}}],"inLanguage":"de"},{"@type":"Organization","@id":"https:\/\/caravenue-rent.vous.lu\/#organization","name":"CAR Avenue Rent Luxembourg","url":"https:\/\/caravenue-rent.vous.lu\/","logo":{"@type":"ImageObject","inLanguage":"de","@id":"https:\/\/caravenue-rent.vous.lu\/#\/schema\/logo\/image\/","url":"https:\/\/caravenue-rent.vous.lu\/wp-content\/uploads\/2017\/10\/logo.jpg","contentUrl":"https:\/\/caravenue-rent.vous.lu\/wp-content\/uploads\/2017\/10\/logo.jpg","width":864,"height":409,"caption":"CAR Avenue Rent Luxembourg"},"image":{"@id":"https:\/\/caravenue-rent.vous.lu\/#\/schema\/logo\/image\/"},"sameAs":["https:\/\/www.facebook.com\/grouperodenbourg\/","https:\/\/www.linkedin.com\/company\/18083925\/"]}]}},"_links":{"self":[{"href":"https:\/\/caravenue-rent.vous.lu\/de\/wp-json\/wp\/v2\/pages\/351","targetHints":{"allow":["GET"]}}],"collection":[{"href":"https:\/\/caravenue-rent.vous.lu\/de\/wp-json\/wp\/v2\/pages"}],"about":[{"href":"https:\/\/caravenue-rent.vous.lu\/de\/wp-json\/wp\/v2\/types\/page"}],"author":[{"embeddable":true,"href":"https:\/\/caravenue-rent.vous.lu\/de\/wp-json\/wp\/v2\/users\/6"}],"replies":[{"embeddable":true,"href":"https:\/\/caravenue-rent.vous.lu\/de\/wp-json\/wp\/v2\/comments?post=351"}],"version-history":[{"count":4,"href":"https:\/\/caravenue-rent.vous.lu\/de\/wp-json\/wp\/v2\/pages\/351\/revisions"}],"predecessor-version":[{"id":1450,"href":"https:\/\/caravenue-rent.vous.lu\/de\/wp-json\/wp\/v2\/pages\/351\/revisions\/1450"}],"up":[{"embeddable":true,"href":"https:\/\/caravenue-rent.vous.lu\/de\/wp-json\/wp\/v2\/pages\/360"}],"wp:attachment":[{"href":"https:\/\/caravenue-rent.vous.lu\/de\/wp-json\/wp\/v2\/media?parent=351"}],"curies":[{"name":"wp","href":"https:\/\/api.w.org\/{rel}","templated":true}]}}