{"id":1307,"date":"2018-03-19T15:57:58","date_gmt":"2018-03-19T14:57:58","guid":{"rendered":"https:\/\/caravenue-rent.vous.lu\/conditions-generales\/"},"modified":"2018-05-29T12:22:36","modified_gmt":"2018-05-29T10:22:36","slug":"geschaeftsbedingungen","status":"publish","type":"page","link":"https:\/\/caravenue-rent.vous.lu\/de\/geschaeftsbedingungen\/","title":{"rendered":"Gesch\u00e4ftsbedingungen"},"content":{"rendered":"<h2>Unsere allgemeinen Gesch\u00e4ftsbedingungen<\/h2>\n<h3>Schauen Sie unsere Mietbedingungen an<\/h3>\n<h4>ALLGEMEINE INFORMATIONEN<\/h4>\n<p>Kosten f\u00fcr Benzin sind nicht in unseren Preisen enthalten und erh\u00f6hen sich um 10 \u20ac Mwst. Die Kosten f\u00fcr Wartung, \u00d6l etc. werden nach Vorlage der Quittung erstattet. Jeder Unfall muss innerhalb von 24 h dem Autolux-B\u00fcro mitgeteilt werden.<br \/>\nDie Mindestmietzeit betr\u00e4gt 1 Tag (24 h). Bei einer Zuwiderhandlung werden verwaltungstechnische Mehrkosten berechnet.<\/p>\n<h4>VORAUSSETZUNGEN<\/h4>\n<p>Sie m\u00fcssen seit mindestens einem Jahr im Besitz eines F\u00fchrerscheins sein und einen g\u00fcltigen Personalausweis oder Pass haben. (Wenn der F\u00fchrerschein weniger als zwei Jahre alt ist, muss der Mieter einen zus\u00e4tzlichen Selbstbehalt in H\u00f6he von 4 % des Fahrzeugneuwerts bezahlen). Es gibt die M\u00f6glichkeit einen zweiten Fahrer zum Preis von 2 \u20ac MwSt\/Tag in den Vertrag aufzunehmen. Mindestalter: 21 Jahre f\u00fcr die Kategorien: A-C und 23 Jahre und 2 Jahre F\u00fchrerscheinbesitz f\u00fcr die anderen Kategorien.<\/p>\n<h4>BEZAHLUNG<\/h4>\n<p>Eine Kaution in ann\u00e4hernder H\u00f6he der Mietkosten ist zu Beginn der Vermietung zu zahlen. Es werden ausschlie\u00dflich die folgenden Kreditkarten als Kaution akzeptiert: American Express, Diners Club, Eurocard und Visa. F\u00fcr die Kategorien G-M sind zwei verschiedene Kreditkarten erforderlich.<\/p>\n<h4>VERSICHERUNGEN<\/h4>\n<p>Unser Preis umfasst eine Haftpflichtversicherung und eine Rechtschutzversicherung. Im Fall von Materialsch\u00e4den (inklusive Vandalismus und Wildunf\u00e4lle), Glasbruch und Fahrzeugdiebstahl ist eine Selbstbeteiligung entsprechend des Schadens und der Kategorie vorgesehen. Diese Selbstbeteiligung kann gegen einen Aufschlag zur\u00fcckgekauft werden. Dar\u00fcber hinaus wird eine Glasbruchversicherung f\u00fcr 8 \u20ac\/Miettag in Abh\u00e4ngigkeit der Fahrzeugkategorie angeboten.<\/p>\n<h4>DIENSTLEISTUNGEN UND SONDERAUSSTATTUNGEN<\/h4>\n<p>Unsere Fahrzeuge sind in der Wintersaison, die vom 1. Oktober bis zum 31. M\u00e4rz geht, mit Winterreifen ausgestattet (daf\u00fcr ist je nach Kategorie ein Zuschlag n\u00f6tig). Bitte konsultieren Sie f\u00fcr den Liefer- und Abholservice unsere Agentur.<\/p>\n<h4>FAHREN IM AUSLAND<\/h4>\n<p>Die gemieteten Fahrzeuge k\u00f6nnen sich in den folgenden L\u00e4ndern frei bewegen: Deutschland, \u00d6sterreich, Belgien, D\u00e4nemark, Spanien, Finnland, Frankreich, Holland, Luxemburg, Norwegen, Portugal, Vereinigtes K\u00f6nigreich, Schweden und die Schweiz. Jedes Fahren au\u00dferhalb dieser Landesgrenzen ist streng verboten und der Mieter haftet im Fall eines Diebstahls, einer Panne oder einem Unfall, der dort passiert, f\u00fcr die Gesamth\u00f6he des Autowerts.<\/p>\n<p>Sie k\u00f6nnen unsere detaillierten Mietbedingungen auch downloaden:<\/p>\n<p><a class=\"btn btn-1\" href=\"https:\/\/caravenue-rent.vous.lu\/wp-content\/uploads\/2018\/03\/CONDITIONS-G%C3%89N%C3%89RALES-DE-LOCATION-OU-VR-AVEC-PARTICIPATION.pdf\">DOWNLOAD<\/a><\/p>\n<p>&nbsp;<\/p>\n","protected":false},"excerpt":{"rendered":"<p>Unsere allgemeinen Gesch\u00e4ftsbedingungen Schauen Sie unsere Mietbedingungen an ALLGEMEINE INFORMATIONEN Kosten f\u00fcr Benzin sind nicht in unseren Preisen enthalten und erh\u00f6hen sich um 10 \u20ac Mwst. Die Kosten f\u00fcr Wartung, \u00d6l etc. werden nach Vorlage der Quittung erstattet. Jeder Unfall muss innerhalb von 24 h dem Autolux-B\u00fcro mitgeteilt werden. Die Mindestmietzeit betr\u00e4gt 1 Tag (24&#8230;<\/p>\n","protected":false},"author":3,"featured_media":0,"parent":0,"menu_order":100,"comment_status":"closed","ping_status":"closed","template":"","meta":{"_acf_changed":false,"footnotes":""},"class_list":["post-1307","page","type-page","status-publish","hentry"],"acf":[],"yoast_head":"<!-- This site is optimized with the Yoast SEO plugin v26.4 - https:\/\/yoast.com\/wordpress\/plugins\/seo\/ -->\n<title>Autolux - Rodenbourg Mobility - Allgemeine Gesch\u00e4ftsbedingungen<\/title>\n<meta name=\"description\" content=\"Lesen Sie unsere Mietbedingungen: Versicherungen, besondere Dienstleistungen und Sonderausstattung, Fahren im Ausland, Bezahlung etc.\" \/>\n<meta name=\"robots\" content=\"noindex, follow, max-snippet:-1, max-image-preview:large, max-video-preview:-1\" \/>\n<meta property=\"og:locale\" content=\"de_DE\" \/>\n<meta property=\"og:type\" content=\"article\" \/>\n<meta property=\"og:title\" content=\"Autolux - Rodenbourg Mobility - Allgemeine Gesch\u00e4ftsbedingungen\" \/>\n<meta property=\"og:description\" content=\"Lesen Sie unsere Mietbedingungen: Versicherungen, besondere Dienstleistungen und Sonderausstattung, Fahren im Ausland, Bezahlung etc.\" \/>\n<meta property=\"og:url\" content=\"https:\/\/caravenue-rent.vous.lu\/conditions-generales\/\" \/>\n<meta property=\"og:site_name\" content=\"CAR Avenue RENT Luxembourg\" \/>\n<meta property=\"article:publisher\" content=\"https:\/\/www.facebook.com\/grouperodenbourg\/\" \/>\n<meta property=\"article:modified_time\" content=\"2018-05-29T10:22:36+00:00\" \/>\n<meta name=\"twitter:card\" content=\"summary_large_image\" \/>\n<meta name=\"twitter:label1\" content=\"Gesch\u00e4tzte Lesezeit\" \/>\n\t<meta name=\"twitter:data1\" content=\"2\u00a0Minuten\" \/>\n<script type=\"application\/ld+json\" class=\"yoast-schema-graph\">{\"@context\":\"https:\/\/schema.org\",\"@graph\":[{\"@type\":\"WebPage\",\"@id\":\"https:\/\/caravenue-rent.vous.lu\/conditions-generales\/\",\"url\":\"https:\/\/caravenue-rent.vous.lu\/conditions-generales\/\",\"name\":\"Autolux - Rodenbourg Mobility - Allgemeine Gesch\u00e4ftsbedingungen\",\"isPartOf\":{\"@id\":\"https:\/\/caravenue-rent.vous.lu\/#website\"},\"datePublished\":\"2018-03-19T14:57:58+00:00\",\"dateModified\":\"2018-05-29T10:22:36+00:00\",\"description\":\"Lesen Sie unsere Mietbedingungen: Versicherungen, besondere Dienstleistungen und Sonderausstattung, Fahren im Ausland, Bezahlung etc.\",\"breadcrumb\":{\"@id\":\"https:\/\/caravenue-rent.vous.lu\/conditions-generales\/#breadcrumb\"},\"inLanguage\":\"de\",\"potentialAction\":[{\"@type\":\"ReadAction\",\"target\":[\"https:\/\/caravenue-rent.vous.lu\/conditions-generales\/\"]}]},{\"@type\":\"BreadcrumbList\",\"@id\":\"https:\/\/caravenue-rent.vous.lu\/conditions-generales\/#breadcrumb\",\"itemListElement\":[{\"@type\":\"ListItem\",\"position\":1,\"name\":\"Accueil\",\"item\":\"https:\/\/caravenue-rent.vous.lu\/de\/\"},{\"@type\":\"ListItem\",\"position\":2,\"name\":\"Gesch\u00e4ftsbedingungen\"}]},{\"@type\":\"WebSite\",\"@id\":\"https:\/\/caravenue-rent.vous.lu\/#website\",\"url\":\"https:\/\/caravenue-rent.vous.lu\/\",\"name\":\"CAR Avenue RENT Luxembourg\",\"description\":\"\",\"publisher\":{\"@id\":\"https:\/\/caravenue-rent.vous.lu\/#organization\"},\"potentialAction\":[{\"@type\":\"SearchAction\",\"target\":{\"@type\":\"EntryPoint\",\"urlTemplate\":\"https:\/\/caravenue-rent.vous.lu\/?s={search_term_string}\"},\"query-input\":{\"@type\":\"PropertyValueSpecification\",\"valueRequired\":true,\"valueName\":\"search_term_string\"}}],\"inLanguage\":\"de\"},{\"@type\":\"Organization\",\"@id\":\"https:\/\/caravenue-rent.vous.lu\/#organization\",\"name\":\"CAR Avenue Rent Luxembourg\",\"url\":\"https:\/\/caravenue-rent.vous.lu\/\",\"logo\":{\"@type\":\"ImageObject\",\"inLanguage\":\"de\",\"@id\":\"https:\/\/caravenue-rent.vous.lu\/#\/schema\/logo\/image\/\",\"url\":\"https:\/\/caravenue-rent.vous.lu\/wp-content\/uploads\/2017\/10\/logo.jpg\",\"contentUrl\":\"https:\/\/caravenue-rent.vous.lu\/wp-content\/uploads\/2017\/10\/logo.jpg\",\"width\":864,\"height\":409,\"caption\":\"CAR Avenue Rent Luxembourg\"},\"image\":{\"@id\":\"https:\/\/caravenue-rent.vous.lu\/#\/schema\/logo\/image\/\"},\"sameAs\":[\"https:\/\/www.facebook.com\/grouperodenbourg\/\",\"https:\/\/www.linkedin.com\/company\/18083925\/\"]}]}<\/script>\n<!-- \/ Yoast SEO plugin. -->","yoast_head_json":{"title":"Autolux - Rodenbourg Mobility - Allgemeine Gesch\u00e4ftsbedingungen","description":"Lesen Sie unsere Mietbedingungen: Versicherungen, besondere Dienstleistungen und Sonderausstattung, Fahren im Ausland, Bezahlung etc.","robots":{"index":"noindex","follow":"follow","max-snippet":"max-snippet:-1","max-image-preview":"max-image-preview:large","max-video-preview":"max-video-preview:-1"},"og_locale":"de_DE","og_type":"article","og_title":"Autolux - Rodenbourg Mobility - Allgemeine Gesch\u00e4ftsbedingungen","og_description":"Lesen Sie unsere Mietbedingungen: Versicherungen, besondere Dienstleistungen und Sonderausstattung, Fahren im Ausland, Bezahlung etc.","og_url":"https:\/\/caravenue-rent.vous.lu\/conditions-generales\/","og_site_name":"CAR Avenue RENT Luxembourg","article_publisher":"https:\/\/www.facebook.com\/grouperodenbourg\/","article_modified_time":"2018-05-29T10:22:36+00:00","twitter_card":"summary_large_image","twitter_misc":{"Gesch\u00e4tzte Lesezeit":"2\u00a0Minuten"},"schema":{"@context":"https:\/\/schema.org","@graph":[{"@type":"WebPage","@id":"https:\/\/caravenue-rent.vous.lu\/conditions-generales\/","url":"https:\/\/caravenue-rent.vous.lu\/conditions-generales\/","name":"Autolux - Rodenbourg Mobility - Allgemeine Gesch\u00e4ftsbedingungen","isPartOf":{"@id":"https:\/\/caravenue-rent.vous.lu\/#website"},"datePublished":"2018-03-19T14:57:58+00:00","dateModified":"2018-05-29T10:22:36+00:00","description":"Lesen Sie unsere Mietbedingungen: Versicherungen, besondere Dienstleistungen und Sonderausstattung, Fahren im Ausland, Bezahlung etc.","breadcrumb":{"@id":"https:\/\/caravenue-rent.vous.lu\/conditions-generales\/#breadcrumb"},"inLanguage":"de","potentialAction":[{"@type":"ReadAction","target":["https:\/\/caravenue-rent.vous.lu\/conditions-generales\/"]}]},{"@type":"BreadcrumbList","@id":"https:\/\/caravenue-rent.vous.lu\/conditions-generales\/#breadcrumb","itemListElement":[{"@type":"ListItem","position":1,"name":"Accueil","item":"https:\/\/caravenue-rent.vous.lu\/de\/"},{"@type":"ListItem","position":2,"name":"Gesch\u00e4ftsbedingungen"}]},{"@type":"WebSite","@id":"https:\/\/caravenue-rent.vous.lu\/#website","url":"https:\/\/caravenue-rent.vous.lu\/","name":"CAR Avenue RENT Luxembourg","description":"","publisher":{"@id":"https:\/\/caravenue-rent.vous.lu\/#organization"},"potentialAction":[{"@type":"SearchAction","target":{"@type":"EntryPoint","urlTemplate":"https:\/\/caravenue-rent.vous.lu\/?s={search_term_string}"},"query-input":{"@type":"PropertyValueSpecification","valueRequired":true,"valueName":"search_term_string"}}],"inLanguage":"de"},{"@type":"Organization","@id":"https:\/\/caravenue-rent.vous.lu\/#organization","name":"CAR Avenue Rent Luxembourg","url":"https:\/\/caravenue-rent.vous.lu\/","logo":{"@type":"ImageObject","inLanguage":"de","@id":"https:\/\/caravenue-rent.vous.lu\/#\/schema\/logo\/image\/","url":"https:\/\/caravenue-rent.vous.lu\/wp-content\/uploads\/2017\/10\/logo.jpg","contentUrl":"https:\/\/caravenue-rent.vous.lu\/wp-content\/uploads\/2017\/10\/logo.jpg","width":864,"height":409,"caption":"CAR Avenue Rent Luxembourg"},"image":{"@id":"https:\/\/caravenue-rent.vous.lu\/#\/schema\/logo\/image\/"},"sameAs":["https:\/\/www.facebook.com\/grouperodenbourg\/","https:\/\/www.linkedin.com\/company\/18083925\/"]}]}},"_links":{"self":[{"href":"https:\/\/caravenue-rent.vous.lu\/de\/wp-json\/wp\/v2\/pages\/1307","targetHints":{"allow":["GET"]}}],"collection":[{"href":"https:\/\/caravenue-rent.vous.lu\/de\/wp-json\/wp\/v2\/pages"}],"about":[{"href":"https:\/\/caravenue-rent.vous.lu\/de\/wp-json\/wp\/v2\/types\/page"}],"author":[{"embeddable":true,"href":"https:\/\/caravenue-rent.vous.lu\/de\/wp-json\/wp\/v2\/users\/3"}],"replies":[{"embeddable":true,"href":"https:\/\/caravenue-rent.vous.lu\/de\/wp-json\/wp\/v2\/comments?post=1307"}],"version-history":[{"count":3,"href":"https:\/\/caravenue-rent.vous.lu\/de\/wp-json\/wp\/v2\/pages\/1307\/revisions"}],"predecessor-version":[{"id":1449,"href":"https:\/\/caravenue-rent.vous.lu\/de\/wp-json\/wp\/v2\/pages\/1307\/revisions\/1449"}],"wp:attachment":[{"href":"https:\/\/caravenue-rent.vous.lu\/de\/wp-json\/wp\/v2\/media?parent=1307"}],"curies":[{"name":"wp","href":"https:\/\/api.w.org\/{rel}","templated":true}]}}